{"id":55107,"date":"2024-12-10T15:46:29","date_gmt":"2024-12-10T14:46:29","guid":{"rendered":"https:\/\/casaatlantica.es\/?post_type=product&#038;p=55107"},"modified":"2025-03-12T15:40:52","modified_gmt":"2025-03-12T15:40:52","slug":"bougeoirs-en-argile-peinte-fleurs-otilia","status":"publish","type":"product","link":"https:\/\/casaatlantica.es\/fr\/producto\/bougeoirs-en-argile-peinte-fleurs-otilia\/","title":{"rendered":"Otilia"},"content":{"rendered":"<h3 class=\"titprod\">Ensemble de Deux Bougeoirs en Argile Peints \u00e0 la Main<\/h3>\n<p class=\"p1\">Bougeoirs en argile peints \u00e0 la main. C\u00e9ramique artisanale portugaise avec des motifs floraux et un design traditionnel.<\/p>\n<p class=\"p1\">Ces bougeoirs en argile rouge sont un exemple remarquable de la poterie traditionnelle du nord du Portugal. Chaque pi\u00e8ce est fa\u00e7onn\u00e9e artisanalement au tour de potier et peinte \u00e0 la main avec des engobes. Les motifs d\u00e9coratifs, tels que les fleurs, les points et les c\u0153urs, sont inspir\u00e9s du monde rural, refl\u00e9tant l&rsquo;essence culturelle de la r\u00e9gion.<\/p>\n<p class=\"p1\">Peu d&rsquo;artisans potiers continuent de travailler cette c\u00e9ramique utilitaire si caract\u00e9ristique, ce qui en fait un v\u00e9ritable tr\u00e9sor culturel. Ces pi\u00e8ces sont id\u00e9ales pour ajouter une touche de tradition et d&rsquo;authenticit\u00e9 \u00e0 votre table.<\/p>\n<div class=\"spacer\"><\/div>\n<p class=\"p1\"><strong>MAT\u00c9RIAU<\/strong> Argile \u00e9maill\u00e9e peinte \u00e0 la main.<\/p>\n<p class=\"p1\"><strong>DIMENSIONS<\/strong> Bougeoir : 7 x 7 x 10 cm.<\/p>\n<p class=\"p1\"><strong>CONTENU<\/strong> 2 bougeoirs<\/p>\n<div class=\"spacer\"><\/div>\n<p class=\"p1\"><em>Ce produit est artisanal ; la couleur et la finition peuvent l\u00e9g\u00e8rement varier par rapport aux pi\u00e8ces pr\u00e9sent\u00e9es sur la photo.<\/em><\/p>\n","protected":false},"excerpt":{"rendered":"<p style=\"text-transform: uppercase\">Ensemble de Deux Bougeoirs en Argile Peints \u00e0 la Main<\/p>\n","protected":false},"featured_media":56810,"template":"","meta":{"_acf_changed":false},"product_brand":[],"product_cat":[4016,3877],"product_tag":[4332,4330,4336],"class_list":{"0":"post-55107","1":"product","2":"type-product","3":"status-publish","4":"has-post-thumbnail","6":"product_cat-bougeoir-en-ceramique","7":"product_cat-lampes","8":"product_tag-bougeoir-en-argile","9":"product_tag-bougeoirs-artisanaux","10":"product_tag-bougeoirs-en-argile-peints","11":"product_shipping_class-categoria-1","12":"description-off","14":"first","15":"outofstock","16":"taxable","17":"shipping-taxable","18":"purchasable","19":"product-type-simple"},"acf":[],"jetpack_sharing_enabled":true,"_links":{"self":[{"href":"https:\/\/casaatlantica.es\/fr\/wp-json\/wp\/v2\/product\/55107","targetHints":{"allow":["GET"]}}],"collection":[{"href":"https:\/\/casaatlantica.es\/fr\/wp-json\/wp\/v2\/product"}],"about":[{"href":"https:\/\/casaatlantica.es\/fr\/wp-json\/wp\/v2\/types\/product"}],"wp:featuredmedia":[{"embeddable":true,"href":"https:\/\/casaatlantica.es\/fr\/wp-json\/wp\/v2\/media\/56810"}],"wp:attachment":[{"href":"https:\/\/casaatlantica.es\/fr\/wp-json\/wp\/v2\/media?parent=55107"}],"wp:term":[{"taxonomy":"product_brand","embeddable":true,"href":"https:\/\/casaatlantica.es\/fr\/wp-json\/wp\/v2\/product_brand?post=55107"},{"taxonomy":"product_cat","embeddable":true,"href":"https:\/\/casaatlantica.es\/fr\/wp-json\/wp\/v2\/product_cat?post=55107"},{"taxonomy":"product_tag","embeddable":true,"href":"https:\/\/casaatlantica.es\/fr\/wp-json\/wp\/v2\/product_tag?post=55107"}],"curies":[{"name":"wp","href":"https:\/\/api.w.org\/{rel}","templated":true}]}}