{"id":55847,"date":"2024-12-19T12:51:24","date_gmt":"2024-12-19T11:51:24","guid":{"rendered":"https:\/\/casaatlantica.es\/?post_type=product&#038;p=55847"},"modified":"2025-12-19T14:38:21","modified_gmt":"2025-12-19T13:38:21","slug":"corbeille-fruits-argile-emaillee-lauro","status":"publish","type":"product","link":"https:\/\/casaatlantica.es\/fr\/producto\/corbeille-fruits-argile-emaillee-lauro\/","title":{"rendered":"Lauro"},"content":{"rendered":"<h3 class=\"titprod\">Coupe \u00e0 fruits en argile \u00e9maill\u00e9e faite \u00e0 la main<\/h3>\n<p class=\"p1\">Coupe \u00e0 fruits r\u00e9alis\u00e9e artisanalement en argile locale, tourn\u00e9e \u00e0 la main et cuite dans un four traditionnel. Apr\u00e8s le fa\u00e7onnage, la pi\u00e8ce est laiss\u00e9e \u00e0 s\u00e9cher naturellement afin d\u2019\u00e9viter les fissures avant la cuisson. La surface int\u00e9rieure de l\u2019anneau est \u00e9maill\u00e9e avec une finition transparente permettant d\u2019appr\u00e9cier la texture de l\u2019argile et de prot\u00e9ger des taches, tandis que l\u2019ext\u00e9rieur est conserv\u00e9 en argile naturelle non \u00e9maill\u00e9e.<\/p>\n<p class=\"p1\">Son design en forme d\u2019anneau, ses finitions arrondies et son organisation circulaire lui conf\u00e8rent un caract\u00e8re organique et mettent en valeur la pr\u00e9sentation des fruits.<\/p>\n<div class=\"spacer\"><\/div>\n<p class=\"p1\"><strong>MAT\u00c9RIAU<\/strong> Argile rouge naturelle \u00e9maill\u00e9e.<\/p>\n<p class=\"p1\"><strong>DIMENSIONS<\/strong> Coupe \u00e0 fruits : 29 x 29 x 7 cm.<\/p>\n<p class=\"p1\"><strong>CONTENU<\/strong> 1 coupe \u00e0 fruits<\/p>\n<div class=\"spacer\"><\/div>\n<p class=\"p1\"><em>Il s\u2019agit d\u2019un produit artisanal ; la couleur et la finition peuvent varier l\u00e9g\u00e8rement par rapport aux pi\u00e8ces pr\u00e9sent\u00e9es sur la photo.<\/em><\/p>\n","protected":false},"excerpt":{"rendered":"<p style=\"text-transform: uppercase\">Corbeille \u00e0 Fruits en Argile \u00c9maill\u00e9e Faite \u00e0 la Main<\/p>\n","protected":false},"featured_media":55479,"template":"","meta":{"_acf_changed":false},"product_brand":[],"product_cat":[4002,3900],"product_tag":[4183,4185,4145,3884,4248],"class_list":{"0":"post-55847","1":"product","2":"type-product","3":"status-publish","4":"has-post-thumbnail","6":"product_cat-plateaux-et-assiettes-en-ceramique","7":"product_cat-produits-phares","8":"product_tag-coupe-a-fruits-en-argile","9":"product_tag-coupe-a-fruits-en-argile-emaillee","10":"product_tag-plateaux-et-assiettes","11":"product_tag-table-et-cuisine","12":"product_tag-vaisselle","13":"product_shipping_class-categoria-3-fr","14":"pa_color-esmaltetransparente-fr","15":"description-off","17":"first","18":"instock","19":"sale","20":"taxable","21":"shipping-taxable","22":"purchasable","23":"product-type-simple"},"acf":[],"jetpack_sharing_enabled":true,"_links":{"self":[{"href":"https:\/\/casaatlantica.es\/fr\/wp-json\/wp\/v2\/product\/55847","targetHints":{"allow":["GET"]}}],"collection":[{"href":"https:\/\/casaatlantica.es\/fr\/wp-json\/wp\/v2\/product"}],"about":[{"href":"https:\/\/casaatlantica.es\/fr\/wp-json\/wp\/v2\/types\/product"}],"wp:featuredmedia":[{"embeddable":true,"href":"https:\/\/casaatlantica.es\/fr\/wp-json\/wp\/v2\/media\/55479"}],"wp:attachment":[{"href":"https:\/\/casaatlantica.es\/fr\/wp-json\/wp\/v2\/media?parent=55847"}],"wp:term":[{"taxonomy":"product_brand","embeddable":true,"href":"https:\/\/casaatlantica.es\/fr\/wp-json\/wp\/v2\/product_brand?post=55847"},{"taxonomy":"product_cat","embeddable":true,"href":"https:\/\/casaatlantica.es\/fr\/wp-json\/wp\/v2\/product_cat?post=55847"},{"taxonomy":"product_tag","embeddable":true,"href":"https:\/\/casaatlantica.es\/fr\/wp-json\/wp\/v2\/product_tag?post=55847"}],"curies":[{"name":"wp","href":"https:\/\/api.w.org\/{rel}","templated":true}]}}