{"id":56888,"date":"2025-01-14T12:11:59","date_gmt":"2025-01-14T11:11:59","guid":{"rendered":"https:\/\/casaatlantica.es\/producto\/aldo\/"},"modified":"2025-07-07T02:02:32","modified_gmt":"2025-07-07T00:02:32","slug":"assiettes-argile-peint-fleurs-aldo","status":"publish","type":"product","link":"https:\/\/casaatlantica.es\/fr\/producto\/assiettes-argile-peint-fleurs-aldo\/","title":{"rendered":"Aldo"},"content":{"rendered":"<h3 class=\"titprod\">Ensemble de Deux Assiettes en Argile Peint \u00e0 la Main<\/h3>\n<p class=\"p1\">Ensemble de deux assiettes en argile peint \u00e0 la main avec des motifs floraux. C\u00e9ramique artisanale du nord du Portugal avec des designs traditionnels.<\/p>\n<p class=\"p1\">Cet ensemble d&rsquo;assiettes est fabriqu\u00e9 dans le nord du Portugal selon des techniques traditionnelles. Chaque pi\u00e8ce est fa\u00e7onn\u00e9e sur un tour de potier et d\u00e9cor\u00e9e \u00e0 la main avec des engobes. Les motifs repr\u00e9sentent des \u00e9l\u00e9ments ruraux tels que des fleurs, des points et des lignes, caract\u00e9ristiques de la poterie locale. Ce travail artisanal garantit des pi\u00e8ces uniques, con\u00e7ues pour un usage \u00e0 la fois pratique et d\u00e9coratif.<\/p>\n<div class=\"spacer\"><\/div>\n<p class=\"p1\"><strong>MAT\u00c9RIEL<\/strong> Argile \u00e9maill\u00e9e peinte \u00e0 la main.<\/p>\n<p class=\"p1\"><strong>DIMENSIONS<\/strong> Assiette : 24 x 24 x 4,5 cm.<\/p>\n<p class=\"p1\"><strong>CONTENU<\/strong> 2 assiettes<\/p>\n<div class=\"spacer\"><\/div>\n<p class=\"p1\"><em>Ceci est un produit artisanal ; la couleur et la finition peuvent l\u00e9g\u00e8rement varier par rapport aux pi\u00e8ces pr\u00e9sent\u00e9es sur la photo.<\/em><\/p>\n","protected":false},"excerpt":{"rendered":"<p style=\"text-transform: uppercase\">Ensemble de Deux Assiettes en Argile Peint \u00e0 la Main<\/p>\n","protected":false},"featured_media":56878,"template":"","meta":{"_acf_changed":false},"product_brand":[],"product_cat":[4002],"product_tag":[4226,4145,3884,4248,4250],"class_list":{"0":"post-56888","1":"product","2":"type-product","3":"status-publish","4":"has-post-thumbnail","6":"product_cat-plateaux-et-assiettes-en-ceramique","7":"product_tag-assiette-en-argile-emaillee","8":"product_tag-plateaux-et-assiettes","9":"product_tag-table-et-cuisine","10":"product_tag-vaisselle","11":"product_tag-vaisselle-en-argile","12":"product_shipping_class-categoria-2-fr","13":"description-off","15":"first","16":"outofstock","17":"taxable","18":"shipping-taxable","19":"purchasable","20":"product-type-simple"},"acf":[],"jetpack_sharing_enabled":true,"_links":{"self":[{"href":"https:\/\/casaatlantica.es\/fr\/wp-json\/wp\/v2\/product\/56888","targetHints":{"allow":["GET"]}}],"collection":[{"href":"https:\/\/casaatlantica.es\/fr\/wp-json\/wp\/v2\/product"}],"about":[{"href":"https:\/\/casaatlantica.es\/fr\/wp-json\/wp\/v2\/types\/product"}],"wp:featuredmedia":[{"embeddable":true,"href":"https:\/\/casaatlantica.es\/fr\/wp-json\/wp\/v2\/media\/56878"}],"wp:attachment":[{"href":"https:\/\/casaatlantica.es\/fr\/wp-json\/wp\/v2\/media?parent=56888"}],"wp:term":[{"taxonomy":"product_brand","embeddable":true,"href":"https:\/\/casaatlantica.es\/fr\/wp-json\/wp\/v2\/product_brand?post=56888"},{"taxonomy":"product_cat","embeddable":true,"href":"https:\/\/casaatlantica.es\/fr\/wp-json\/wp\/v2\/product_cat?post=56888"},{"taxonomy":"product_tag","embeddable":true,"href":"https:\/\/casaatlantica.es\/fr\/wp-json\/wp\/v2\/product_tag?post=56888"}],"curies":[{"name":"wp","href":"https:\/\/api.w.org\/{rel}","templated":true}]}}