{"id":65425,"date":"2025-02-14T11:16:36","date_gmt":"2025-02-14T10:16:36","guid":{"rendered":"https:\/\/casaatlantica.es\/?post_type=product&#038;p=65425"},"modified":"2025-07-07T02:02:31","modified_gmt":"2025-07-07T00:02:31","slug":"pot-en-argile-tourne-a-la-main-gaspar","status":"publish","type":"product","link":"https:\/\/casaatlantica.es\/fr\/producto\/pot-en-argile-tourne-a-la-main-gaspar\/","title":{"rendered":"Gaspar"},"content":{"rendered":"<h3 class=\"titprod\">Pot en Argile Tourn\u00e9 \u00e0 la Main \u2013 Grand Format<\/h3>\n<p class=\"p1\">Les pots de fleurs en argile tourn\u00e9s \u00e0 la main se distinguent par leur finition naturelle et leur design intemporel. Leur grand format les rend id\u00e9aux pour les plantes de grande taille ou pour cr\u00e9er des compositions remarquables \u00e0 l\u2019int\u00e9rieur comme \u00e0 l\u2019ext\u00e9rieur. Chaque pi\u00e8ce est unique, avec des formes organiques et des textures qui refl\u00e8tent le processus artisanal.<\/p>\n<p class=\"p1\">Casa Atl\u00e2ntica fabrique ces pots artisanalement dans des ateliers locaux, en suivant des techniques traditionnelles de tournage de l\u2019argile. Le processus manuel garantit des pi\u00e8ces uniques, respectueuses de l\u2019environnement et dot\u00e9es d\u2019un caract\u00e8re singulier qui les rend sp\u00e9ciales.<\/p>\n<p class=\"p1\">Tous les pots poss\u00e8dent un trou de drainage.<\/p>\n<div class=\"spacer\"><\/div>\n<p class=\"p1\"><strong>MAT\u00c9RIEL<\/strong> Argile.<\/p>\n<p class=\"p1\"><strong>DIMENSIONS<\/strong> 29 x 29 x 31 cm.<\/p>\n<p class=\"p1\"><strong>CONTENU<\/strong> 1 pot de fleurs<\/p>\n<div class=\"spacer\"><\/div>\n<p class=\"p1\">C\u2019est un produit exclusif que nous r\u00e9alisons uniquement sur commande, avec un d\u00e9lai de livraison estim\u00e9 \u00e0 un mois apr\u00e8s la confirmation de la commande.<\/p>\n<p class=\"p1\"><em>Ceci est un produit artisanal ; la couleur et la finition peuvent l\u00e9g\u00e8rement varier par rapport aux pi\u00e8ces pr\u00e9sent\u00e9es sur la photo.<\/em><\/p>\n","protected":false},"excerpt":{"rendered":"<p style=\"text-transform: uppercase;\">Pot en Argile Tourn\u00e9 \u00e0 la Main \u2013 Grand Format<\/p>\n","protected":false},"featured_media":65386,"template":"","meta":{"_acf_changed":false},"product_brand":[],"product_cat":[3987],"product_tag":[4219,4209,4217],"class_list":{"0":"post-65425","1":"product","2":"type-product","3":"status-publish","4":"has-post-thumbnail","6":"product_cat-pots-en-argile","7":"product_tag-cache-pots-en-argile","8":"product_tag-pots-en-argile","9":"product_tag-pots-grand-format","10":"product_shipping_class-categoria-3-fr","11":"pa_color-naranja-fr","12":"description-off","14":"first","15":"outofstock","16":"taxable","17":"shipping-taxable","18":"purchasable","19":"product-type-simple"},"acf":[],"jetpack_sharing_enabled":true,"_links":{"self":[{"href":"https:\/\/casaatlantica.es\/fr\/wp-json\/wp\/v2\/product\/65425","targetHints":{"allow":["GET"]}}],"collection":[{"href":"https:\/\/casaatlantica.es\/fr\/wp-json\/wp\/v2\/product"}],"about":[{"href":"https:\/\/casaatlantica.es\/fr\/wp-json\/wp\/v2\/types\/product"}],"wp:featuredmedia":[{"embeddable":true,"href":"https:\/\/casaatlantica.es\/fr\/wp-json\/wp\/v2\/media\/65386"}],"wp:attachment":[{"href":"https:\/\/casaatlantica.es\/fr\/wp-json\/wp\/v2\/media?parent=65425"}],"wp:term":[{"taxonomy":"product_brand","embeddable":true,"href":"https:\/\/casaatlantica.es\/fr\/wp-json\/wp\/v2\/product_brand?post=65425"},{"taxonomy":"product_cat","embeddable":true,"href":"https:\/\/casaatlantica.es\/fr\/wp-json\/wp\/v2\/product_cat?post=65425"},{"taxonomy":"product_tag","embeddable":true,"href":"https:\/\/casaatlantica.es\/fr\/wp-json\/wp\/v2\/product_tag?post=65425"}],"curies":[{"name":"wp","href":"https:\/\/api.w.org\/{rel}","templated":true}]}}