{"id":65447,"date":"2025-02-14T10:47:00","date_gmt":"2025-02-14T09:47:00","guid":{"rendered":"https:\/\/casaatlantica.es\/?post_type=product&#038;p=65447"},"modified":"2025-07-07T02:02:32","modified_gmt":"2025-07-07T00:02:32","slug":"pot-en-argile-tourne-a-la-main-davide","status":"publish","type":"product","link":"https:\/\/casaatlantica.es\/fr\/producto\/pot-en-argile-tourne-a-la-main-davide\/","title":{"rendered":"Davide"},"content":{"rendered":"<h3 class=\"titprod\">Pot en Argile Tourn\u00e9 \u00e0 la Main \u2013 Grand Format<\/h3>\n<p class=\"p1\">Les pots de fleurs en argile tourn\u00e9s \u00e0 la main apportent du caract\u00e8re et de l\u2019authenticit\u00e9 \u00e0 tout environnement. Avec une taille polyvalente, ils sont id\u00e9aux pour les plantes de taille moyenne et pour cr\u00e9er des compositions \u00e9quilibr\u00e9es \u00e0 la maison ou dans le jardin.<\/p>\n<p class=\"p1\">Casa Atl\u00e2ntica fabrique ces pots dans des ateliers locaux, en utilisant des techniques traditionnelles de tournage de l\u2019argile. Chaque pi\u00e8ce est le fruit d\u2019un processus artisanal, durable et unique.<\/p>\n<p class=\"p1\">Tous les pots poss\u00e8dent un trou de drainage.<\/p>\n<div class=\"spacer\"><\/div>\n<p class=\"p1\"><strong>MAT\u00c9RIEL<\/strong> Argile.<\/p>\n<p class=\"p1\"><strong>DIMENSIONS<\/strong> 26 x 26 x 32 cm.<\/p>\n<p class=\"p1\"><strong>CONTENU<\/strong> 1 pot de fleurs<\/p>\n<div class=\"spacer\"><\/div>\n<p class=\"p1\">C\u2019est un produit exclusif que nous r\u00e9alisons uniquement sur commande, avec un d\u00e9lai de livraison estim\u00e9 \u00e0 un mois apr\u00e8s la confirmation de la commande.<\/p>\n<p class=\"p1\"><em>Ceci est un produit artisanal ; la couleur et la finition peuvent l\u00e9g\u00e8rement varier par rapport aux pi\u00e8ces pr\u00e9sent\u00e9es sur la photo.<\/em><\/p>\n","protected":false},"excerpt":{"rendered":"<p style=\"text-transform: uppercase;\">Pot en Argile Tourn\u00e9 \u00e0 la Main \u2013 Grand Format<\/p>\n","protected":false},"featured_media":65389,"template":"","meta":{"_acf_changed":false},"product_brand":[],"product_cat":[3987],"product_tag":[4219,4209,4217],"class_list":{"0":"post-65447","1":"product","2":"type-product","3":"status-publish","4":"has-post-thumbnail","6":"product_cat-pots-en-argile","7":"product_tag-cache-pots-en-argile","8":"product_tag-pots-en-argile","9":"product_tag-pots-grand-format","10":"product_shipping_class-categoria-3-fr","11":"pa_color-rojo-fr","12":"description-off","14":"first","15":"outofstock","16":"taxable","17":"shipping-taxable","18":"purchasable","19":"product-type-simple"},"acf":[],"jetpack_sharing_enabled":true,"_links":{"self":[{"href":"https:\/\/casaatlantica.es\/fr\/wp-json\/wp\/v2\/product\/65447","targetHints":{"allow":["GET"]}}],"collection":[{"href":"https:\/\/casaatlantica.es\/fr\/wp-json\/wp\/v2\/product"}],"about":[{"href":"https:\/\/casaatlantica.es\/fr\/wp-json\/wp\/v2\/types\/product"}],"wp:featuredmedia":[{"embeddable":true,"href":"https:\/\/casaatlantica.es\/fr\/wp-json\/wp\/v2\/media\/65389"}],"wp:attachment":[{"href":"https:\/\/casaatlantica.es\/fr\/wp-json\/wp\/v2\/media?parent=65447"}],"wp:term":[{"taxonomy":"product_brand","embeddable":true,"href":"https:\/\/casaatlantica.es\/fr\/wp-json\/wp\/v2\/product_brand?post=65447"},{"taxonomy":"product_cat","embeddable":true,"href":"https:\/\/casaatlantica.es\/fr\/wp-json\/wp\/v2\/product_cat?post=65447"},{"taxonomy":"product_tag","embeddable":true,"href":"https:\/\/casaatlantica.es\/fr\/wp-json\/wp\/v2\/product_tag?post=65447"}],"curies":[{"name":"wp","href":"https:\/\/api.w.org\/{rel}","templated":true}]}}