{"id":73935,"date":"2025-03-03T13:03:58","date_gmt":"2025-03-03T12:03:58","guid":{"rendered":"https:\/\/casaatlantica.es\/?post_type=product&#038;p=73935"},"modified":"2025-05-21T11:46:20","modified_gmt":"2025-05-21T11:46:20","slug":"pot-de-fleur-en-ceramique-mouchete-marron-marcelino","status":"publish","type":"product","link":"https:\/\/casaatlantica.es\/fr\/producto\/pot-de-fleur-en-ceramique-mouchete-marron-marcelino\/","title":{"rendered":"Marcelino &#8211; marron"},"content":{"rendered":"<h3 class=\"titprod\">Pot de fleur Cylindrique en C\u00e9ramique \u00c9maill\u00e9e et Mouchet\u00e9e<\/h3>\n<p class=\"p1\">Pot de fleur cylindrique en c\u00e9ramique \u00e9maill\u00e9e mate de couleur marron avec une finition mouchet\u00e9e.<\/p>\n<p class=\"p1\">Fabriqu\u00e9 artisanalement en gr\u00e8s, une c\u00e9ramique tr\u00e8s r\u00e9sistante, ce cache-pot allie durabilit\u00e9 et style. Fini avec un \u00e9mail mat, chaque pi\u00e8ce pr\u00e9sente un design unique gr\u00e2ce \u00e0 son processus de fabrication manuel.<\/p>\n<div class=\"spacer\"><\/div>\n<p class=\"p1\"><strong>MAT\u00c9RIAU<\/strong> Gr\u00e8s \u00e9maill\u00e9.<\/p>\n<p class=\"p1\"><strong>DIMENSIONS<\/strong> 13 x 13 x 14 cm.<\/p>\n<p class=\"p1\"><strong>CONTENU<\/strong> 1 cache-pot<\/p>\n<div class=\"spacer\"><\/div>\n<p class=\"p1\"><i>Ce produit est artisanal ; la couleur et la finition peuvent l\u00e9g\u00e8rement varier par rapport aux pi\u00e8ces pr\u00e9sent\u00e9es en photo.<\/i><\/p>\n","protected":false},"excerpt":{"rendered":"<p style=\"text-transform: uppercase\">Pot de fleur Cylindrique en C\u00e9ramique \u00c9maill\u00e9e et mouchet\u00e9e<\/p>\n","protected":false},"featured_media":65339,"template":"","meta":{"_acf_changed":false},"product_brand":[],"product_cat":[3989],"product_tag":[3966,3968],"class_list":{"0":"post-73935","1":"product","2":"type-product","3":"status-publish","4":"has-post-thumbnail","6":"product_cat-pots-en-ceramique","7":"product_tag-pot-de-fleur-en-ceramique","8":"product_tag-pot-de-fleur-en-ceramique-emaillee","9":"product_shipping_class-categoria-2-fr","10":"pa_color-marron-fr","11":"description-off","13":"first","14":"instock","15":"sale","16":"taxable","17":"shipping-taxable","18":"purchasable","19":"product-type-simple"},"acf":[],"jetpack_sharing_enabled":true,"_links":{"self":[{"href":"https:\/\/casaatlantica.es\/fr\/wp-json\/wp\/v2\/product\/73935","targetHints":{"allow":["GET"]}}],"collection":[{"href":"https:\/\/casaatlantica.es\/fr\/wp-json\/wp\/v2\/product"}],"about":[{"href":"https:\/\/casaatlantica.es\/fr\/wp-json\/wp\/v2\/types\/product"}],"wp:featuredmedia":[{"embeddable":true,"href":"https:\/\/casaatlantica.es\/fr\/wp-json\/wp\/v2\/media\/65339"}],"wp:attachment":[{"href":"https:\/\/casaatlantica.es\/fr\/wp-json\/wp\/v2\/media?parent=73935"}],"wp:term":[{"taxonomy":"product_brand","embeddable":true,"href":"https:\/\/casaatlantica.es\/fr\/wp-json\/wp\/v2\/product_brand?post=73935"},{"taxonomy":"product_cat","embeddable":true,"href":"https:\/\/casaatlantica.es\/fr\/wp-json\/wp\/v2\/product_cat?post=73935"},{"taxonomy":"product_tag","embeddable":true,"href":"https:\/\/casaatlantica.es\/fr\/wp-json\/wp\/v2\/product_tag?post=73935"}],"curies":[{"name":"wp","href":"https:\/\/api.w.org\/{rel}","templated":true}]}}