{"id":73975,"date":"2025-03-03T15:31:41","date_gmt":"2025-03-03T14:31:41","guid":{"rendered":"https:\/\/casaatlantica.es\/?post_type=product&#038;p=73975"},"modified":"2025-05-21T11:46:18","modified_gmt":"2025-05-21T11:46:18","slug":"vase-en-argile-emaillee-blanc-fortunato","status":"publish","type":"product","link":"https:\/\/casaatlantica.es\/fr\/producto\/vase-en-argile-emaillee-blanc-fortunato\/","title":{"rendered":"Fortunato &#8211; blanc"},"content":{"rendered":"<h2 class=\"titprod\">Vase en argile \u00e9maill\u00e9e<\/h2>\n<p class=\"p1\">Vase en argile \u00e9maill\u00e9e, design contemporain inspir\u00e9 de formes traditionnelles. Id\u00e9al pour d\u00e9corer avec des fleurs s\u00e9ch\u00e9es ou fra\u00eeches.\n <\/p>\n<div class=\"spacer\"><\/div>\n<h5>Comment le fabriquons-nous ?<\/h5>\n<p class=\"p1\">Fabriqu\u00e9 artisanalement en argile cuite et \u00e9maill\u00e9e, ce vase allie fonctionnalit\u00e9 et esth\u00e9tique. Chaque pi\u00e8ce est moul\u00e9e \u00e0 la main et cuite \u00e0 haute temp\u00e9rature pour garantir durabilit\u00e9 et r\u00e9sistance \u00e0 l&rsquo;eau.\n <\/p>\n<div class=\"spacer\"><\/div>\n<h5>Information produit:<\/h5>\n<ul>\n<li class=\"p1\">Terre cuite, \u00e9mail.<\/li>\n<li class=\"p1\">Taille:\u00a011 x\u00a020 cm.<\/li>\n<\/ul>\n<div class=\"spacer\"><\/div>\n<p class=\"p1\"><i>Dans les produits artisanaux, il peut y avoir de l\u00e9g\u00e8res variations de couleur et de forme.<\/i><\/p>\n","protected":false},"excerpt":{"rendered":"<p style=\"text-transform: uppercase\">Vase en argile \u00e9maill\u00e9e blanc<\/p>\n","protected":false},"featured_media":39247,"template":"","meta":{"_acf_changed":false},"product_brand":[],"product_cat":[3991],"product_tag":[4276,4195],"class_list":{"0":"post-73975","1":"product","2":"type-product","3":"status-publish","4":"has-post-thumbnail","6":"product_cat-vases-en-ceramique","7":"product_tag-vase-en-argile-emaillee","8":"product_tag-vases-et-pots-de-fleurs","9":"product_shipping_class-categoria-2-fr","10":"pa_color-blanco-fr","11":"description-off","13":"first","14":"instock","15":"sale","16":"taxable","17":"shipping-taxable","18":"purchasable","19":"product-type-simple"},"acf":[],"jetpack_sharing_enabled":true,"_links":{"self":[{"href":"https:\/\/casaatlantica.es\/fr\/wp-json\/wp\/v2\/product\/73975","targetHints":{"allow":["GET"]}}],"collection":[{"href":"https:\/\/casaatlantica.es\/fr\/wp-json\/wp\/v2\/product"}],"about":[{"href":"https:\/\/casaatlantica.es\/fr\/wp-json\/wp\/v2\/types\/product"}],"wp:featuredmedia":[{"embeddable":true,"href":"https:\/\/casaatlantica.es\/fr\/wp-json\/wp\/v2\/media\/39247"}],"wp:attachment":[{"href":"https:\/\/casaatlantica.es\/fr\/wp-json\/wp\/v2\/media?parent=73975"}],"wp:term":[{"taxonomy":"product_brand","embeddable":true,"href":"https:\/\/casaatlantica.es\/fr\/wp-json\/wp\/v2\/product_brand?post=73975"},{"taxonomy":"product_cat","embeddable":true,"href":"https:\/\/casaatlantica.es\/fr\/wp-json\/wp\/v2\/product_cat?post=73975"},{"taxonomy":"product_tag","embeddable":true,"href":"https:\/\/casaatlantica.es\/fr\/wp-json\/wp\/v2\/product_tag?post=73975"}],"curies":[{"name":"wp","href":"https:\/\/api.w.org\/{rel}","templated":true}]}}