{"id":75626,"date":"2025-03-04T12:31:47","date_gmt":"2025-03-04T11:31:47","guid":{"rendered":"https:\/\/casaatlantica.es\/?post_type=product&#038;p=75626"},"modified":"2025-06-21T00:04:26","modified_gmt":"2025-06-21T00:04:26","slug":"pot-en-argile-vert-bieito","status":"publish","type":"product","link":"https:\/\/casaatlantica.es\/fr\/producto\/pot-en-argile-vert-bieito\/","title":{"rendered":"Bieito &#8211; vert"},"content":{"rendered":"<h3 class=\"titprod\">Pot en Argile Peint en Vert<\/h3>\n<p class=\"p1\">Les pots en argile peints en couleur unie sont disponibles en plusieurs teintes. Tous les pots poss\u00e8dent un trou de drainage et une soucoupe en argile pour recueillir l&rsquo;exc\u00e8s d&rsquo;eau. Une couche de sable, de gravier ou d&rsquo;argile peut \u00eatre plac\u00e9e au fond pour faciliter le drainage.<\/p>\n<p class=\"p1\">Casa Atl\u00e2ntica les fabrique de mani\u00e8re artisanale et respectueuse de l&rsquo;environnement dans des ateliers locaux. Chaque pi\u00e8ce est unique et poss\u00e8de son esth\u00e9tique singuli\u00e8re.<\/p>\n<div class=\"spacer\"><\/div>\n<p class=\"p1\"><strong>MAT\u00c9RIAU<\/strong> Argile peinte.<\/p>\n<p class=\"p1\"><strong>DIMENSIONS<\/strong> Pot moyen : 18 x 18 x 19 cm. Petit pot : 13 x 13 x 11,5 cm.<\/p>\n<p class=\"p1\"><strong>CONTENU<\/strong> 1 pot en argile et 1 soucoupe en argile.<\/p>\n<div class=\"spacer\"><\/div>\n<p class=\"p1\"><em>Ce produit est artisanal ; la couleur et la finition peuvent l\u00e9g\u00e8rement varier par rapport aux pi\u00e8ces pr\u00e9sent\u00e9es en photo.<\/em><\/p>\n","protected":false},"excerpt":{"rendered":"<p style=\"text-transform: uppercase\">Pot en Argile Peint en Vert<\/p>\n","protected":false},"featured_media":17888,"template":"","meta":{"_acf_changed":false},"product_brand":[],"product_cat":[3987],"product_tag":[4209,4320,4215],"class_list":{"0":"post-75626","1":"product","2":"type-product","3":"status-publish","4":"has-post-thumbnail","6":"product_cat-pots-en-argile","7":"product_tag-pots-en-argile","8":"product_tag-pots-en-argile-peints","9":"product_tag-pots-en-argile-peints-en-vert","10":"pa_color-verdebosque-fr","11":"pa_tamano-m-fr","12":"pa_tamano-s-fr","13":"description-off","15":"first","16":"instock","17":"sale","18":"taxable","19":"shipping-taxable","20":"purchasable","21":"product-type-variable","22":"has-default-attributes"},"acf":[],"jetpack_sharing_enabled":true,"_links":{"self":[{"href":"https:\/\/casaatlantica.es\/fr\/wp-json\/wp\/v2\/product\/75626","targetHints":{"allow":["GET"]}}],"collection":[{"href":"https:\/\/casaatlantica.es\/fr\/wp-json\/wp\/v2\/product"}],"about":[{"href":"https:\/\/casaatlantica.es\/fr\/wp-json\/wp\/v2\/types\/product"}],"wp:featuredmedia":[{"embeddable":true,"href":"https:\/\/casaatlantica.es\/fr\/wp-json\/wp\/v2\/media\/17888"}],"wp:attachment":[{"href":"https:\/\/casaatlantica.es\/fr\/wp-json\/wp\/v2\/media?parent=75626"}],"wp:term":[{"taxonomy":"product_brand","embeddable":true,"href":"https:\/\/casaatlantica.es\/fr\/wp-json\/wp\/v2\/product_brand?post=75626"},{"taxonomy":"product_cat","embeddable":true,"href":"https:\/\/casaatlantica.es\/fr\/wp-json\/wp\/v2\/product_cat?post=75626"},{"taxonomy":"product_tag","embeddable":true,"href":"https:\/\/casaatlantica.es\/fr\/wp-json\/wp\/v2\/product_tag?post=75626"}],"curies":[{"name":"wp","href":"https:\/\/api.w.org\/{rel}","templated":true}]}}