{"id":77631,"date":"2025-03-04T17:03:39","date_gmt":"2025-03-04T16:03:39","guid":{"rendered":"https:\/\/casaatlantica.es\/?post_type=product&#038;p=77631"},"modified":"2025-05-21T11:32:17","modified_gmt":"2025-05-21T11:32:17","slug":"hirondelles-en-ceramique-vert-olive-auritas","status":"publish","type":"product","link":"https:\/\/casaatlantica.es\/fr\/producto\/hirondelles-en-ceramique-vert-olive-auritas\/","title":{"rendered":"Auritas &#8211; vert olive"},"content":{"rendered":"<h3 class=\"titprod\">Hirondelles en C\u00e9ramique Vert Olive<\/h3>\n<p class=\"p1\">Les hirondelles en c\u00e9ramique sont un v\u00e9ritable symbole repr\u00e9sentant la famille, l\u2019amour et la fid\u00e9lit\u00e9.<\/p>\n<p>Bordallo Pinheiro les a popularis\u00e9es \u00e0 la fin du XIXe si\u00e8cle dans l&rsquo;imaginaire populaire portugais, et aujourd&rsquo;hui, elles restent \u00e0 la mode dans nos maisons, d\u00e9corant les int\u00e9rieurs, les terrasses et m\u00eame les espaces commerciaux.<\/p>\n<p>Chez Casa Atl\u00e2ntica, vous pouvez les retrouver en ensembles de 3 unit\u00e9s, une de chaque taille repr\u00e9sentant une famille, en noir et blanc pour les plus classiques, ou dans de nouvelles et magnifiques couleurs comme le bleu cobalt, le vert olive et le jaune toast\u00e9, apportant cette touche originale que nous aimons tant.<\/p>\n<p>L&rsquo;installation est tr\u00e8s simple : il suffit de placer un petit clou \u00e0 un angle de 45 degr\u00e9s par rapport au mur pour \u00e9viter qu&rsquo;elles ne tombent. Elles peuvent \u00e9galement \u00eatre fix\u00e9es avec un crochet ou un dispositif similaire.<\/p>\n<p class=\"p1\">Cet ensemble est fabriqu\u00e9 artisanalement dans un atelier du nord du Portugal dirig\u00e9 par Ant\u00f3nio et L\u00facia. Chaque pi\u00e8ce est soigneusement moul\u00e9e \u00e0 la main, \u00e9maill\u00e9e dans des couleurs fra\u00eeches et cuite \u00e0 haute temp\u00e9rature. Les hirondelles comportent un trou \u00e0 l\u2019arri\u00e8re permettant une fixation murale facile.<\/p>\n<div class=\"spacer\"><\/div>\n<p class=\"p1\"><strong>MAT\u00c9RIEL<\/strong> C\u00e9ramique blanche \u00e9maill\u00e9e.<\/p>\n<p class=\"p1\"><strong>DIMENSIONS<\/strong> Petite hirondelle : 9,5 x 6 cm, Moyenne hirondelle : 11 x 6 cm, et Grande hirondelle : 12 x 14 cm.<\/p>\n<p class=\"p1\"><strong>CONTENU<\/strong> Ensemble : 1 unit\u00e9 de chaque taille.<\/p>\n<div class=\"spacer\"><\/div>\n<p class=\"p1\"><em>Ceci est un produit artisanal ; la couleur et la finition peuvent l\u00e9g\u00e8rement varier par rapport aux pi\u00e8ces sur la photo.<\/em><\/p>\n","protected":false},"excerpt":{"rendered":"<p style=\"text-transform: uppercase;\">Lot de trois Hirondelles en C\u00e9ramique Vert Olive<\/p>\n","protected":false},"featured_media":138252,"template":"","meta":{"_acf_changed":false},"product_brand":[],"product_cat":[3868,3980],"product_tag":[3940,3938,4272],"class_list":{"0":"post-77631","1":"product","2":"type-product","3":"status-publish","4":"has-post-thumbnail","6":"product_cat-objets-decoratifs","7":"product_cat-hirondelles-en-ceramique","8":"product_tag-hirondelles-ceramique-blanche-emaillee","9":"product_tag-hirondelles-en-ceramique","10":"product_tag-hirondelles-en-ceramique-verte","11":"product_shipping_class-categoria-1","12":"pa_color-verdeoliva-fr","13":"description-off","15":"first","16":"outofstock","17":"taxable","18":"shipping-taxable","19":"purchasable","20":"product-type-simple"},"acf":[],"jetpack_sharing_enabled":true,"_links":{"self":[{"href":"https:\/\/casaatlantica.es\/fr\/wp-json\/wp\/v2\/product\/77631","targetHints":{"allow":["GET"]}}],"collection":[{"href":"https:\/\/casaatlantica.es\/fr\/wp-json\/wp\/v2\/product"}],"about":[{"href":"https:\/\/casaatlantica.es\/fr\/wp-json\/wp\/v2\/types\/product"}],"wp:featuredmedia":[{"embeddable":true,"href":"https:\/\/casaatlantica.es\/fr\/wp-json\/wp\/v2\/media\/138252"}],"wp:attachment":[{"href":"https:\/\/casaatlantica.es\/fr\/wp-json\/wp\/v2\/media?parent=77631"}],"wp:term":[{"taxonomy":"product_brand","embeddable":true,"href":"https:\/\/casaatlantica.es\/fr\/wp-json\/wp\/v2\/product_brand?post=77631"},{"taxonomy":"product_cat","embeddable":true,"href":"https:\/\/casaatlantica.es\/fr\/wp-json\/wp\/v2\/product_cat?post=77631"},{"taxonomy":"product_tag","embeddable":true,"href":"https:\/\/casaatlantica.es\/fr\/wp-json\/wp\/v2\/product_tag?post=77631"}],"curies":[{"name":"wp","href":"https:\/\/api.w.org\/{rel}","templated":true}]}}