{"id":78283,"date":"2025-03-04T17:14:07","date_gmt":"2025-03-04T16:14:07","guid":{"rendered":"https:\/\/casaatlantica.es\/?post_type=product&#038;p=78283"},"modified":"2025-05-21T11:32:06","modified_gmt":"2025-05-21T11:32:06","slug":"hirondelles-en-ceramique-emaillee-noire-mindas","status":"publish","type":"product","link":"https:\/\/casaatlantica.es\/fr\/producto\/hirondelles-en-ceramique-emaillee-noire-mindas\/","title":{"rendered":"Mindas &#8211; noire"},"content":{"rendered":"<h3 class=\"titprod\">Hirondelles en C\u00e9ramique \u00c9maill\u00e9e Noire<\/h3>\n<p class=\"p1\">Ensemble de trois hirondelles murales en c\u00e9ramique \u00e9maill\u00e9e, faites \u00e0 la main, symbolisant la libert\u00e9 et les bons pr\u00e9sages. Ajoutez une touche artisanale et \u00e9l\u00e9gante \u00e0 votre int\u00e9rieur.<\/p>\n<p class=\"p1\">Chaque hirondelle est moul\u00e9e \u00e0 la main et soigneusement \u00e9maill\u00e9e dans notre atelier. Nous utilisons des couleurs fra\u00eeches comme le bleu cobalt, le vert olive et le blanc, qui apportent du caract\u00e8re et de la luminosit\u00e9. Chaque pi\u00e8ce est cuite \u00e0 haute temp\u00e9rature pour garantir sa durabilit\u00e9 et son design unique.<\/p>\n<p class=\"p1\">Id\u00e9al pour : Salons, chambres, entr\u00e9es, ext\u00e9rieurs ou tout espace o\u00f9 vous souhaitez ajouter une touche unique et artisanale.<\/p>\n<div class=\"spacer\"><\/div>\n<p class=\"p1\"><strong>MAT\u00c9RIAU<\/strong> C\u00e9ramique blanche \u00e9maill\u00e9e.<\/p>\n<p class=\"p1\"><strong>DIMENSIONS<\/strong> Petite hirondelle : 10 x 9 cm, Grande hirondelle : 12 x 14 cm.<\/p>\n<p class=\"p1\"><strong>CONTENU<\/strong> Ensemble : 2 petites hirondelles et 1 grande hirondelle.<\/p>\n<div class=\"spacer\"><\/div>\n<p class=\"p1\"><em>Ce produit est artisanal ; la couleur et la finition peuvent l\u00e9g\u00e8rement varier par rapport aux pi\u00e8ces sur la photo.<\/em><\/p>\n","protected":false},"excerpt":{"rendered":"<p style=\"text-transform: uppercase\">Ensemble de trois Hirondelles en C\u00e9ramique \u00c9maill\u00e9e Noire<\/p>\n","protected":false},"featured_media":34231,"template":"","meta":{"_acf_changed":false},"product_brand":[],"product_cat":[3868,3980],"product_tag":[3940,3938,4262,3944],"class_list":{"0":"post-78283","1":"product","2":"type-product","3":"status-publish","4":"has-post-thumbnail","6":"product_cat-objets-decoratifs","7":"product_cat-hirondelles-en-ceramique","8":"product_tag-hirondelles-ceramique-blanche-emaillee","9":"product_tag-hirondelles-en-ceramique","10":"product_tag-hirondelles-en-ceramique-emaillee-noire","11":"product_tag-hirondelles-en-ceramique-lisses","12":"product_shipping_class-categoria-1","13":"pa_color-negro-fr","14":"description-off","16":"first","17":"instock","18":"sale","19":"taxable","20":"shipping-taxable","21":"purchasable","22":"product-type-simple"},"acf":[],"jetpack_sharing_enabled":true,"_links":{"self":[{"href":"https:\/\/casaatlantica.es\/fr\/wp-json\/wp\/v2\/product\/78283","targetHints":{"allow":["GET"]}}],"collection":[{"href":"https:\/\/casaatlantica.es\/fr\/wp-json\/wp\/v2\/product"}],"about":[{"href":"https:\/\/casaatlantica.es\/fr\/wp-json\/wp\/v2\/types\/product"}],"wp:featuredmedia":[{"embeddable":true,"href":"https:\/\/casaatlantica.es\/fr\/wp-json\/wp\/v2\/media\/34231"}],"wp:attachment":[{"href":"https:\/\/casaatlantica.es\/fr\/wp-json\/wp\/v2\/media?parent=78283"}],"wp:term":[{"taxonomy":"product_brand","embeddable":true,"href":"https:\/\/casaatlantica.es\/fr\/wp-json\/wp\/v2\/product_brand?post=78283"},{"taxonomy":"product_cat","embeddable":true,"href":"https:\/\/casaatlantica.es\/fr\/wp-json\/wp\/v2\/product_cat?post=78283"},{"taxonomy":"product_tag","embeddable":true,"href":"https:\/\/casaatlantica.es\/fr\/wp-json\/wp\/v2\/product_tag?post=78283"}],"curies":[{"name":"wp","href":"https:\/\/api.w.org\/{rel}","templated":true}]}}