{"id":78465,"date":"2025-03-05T10:24:22","date_gmt":"2025-03-05T09:24:22","guid":{"rendered":"https:\/\/casaatlantica.es\/?post_type=product&#038;p=78465"},"modified":"2025-05-21T11:31:47","modified_gmt":"2025-05-21T11:31:47","slug":"hirondelles-en-ceramique-portugaise-jaune-siras","status":"publish","type":"product","link":"https:\/\/casaatlantica.es\/fr\/producto\/hirondelles-en-ceramique-portugaise-jaune-siras\/","title":{"rendered":"Siras &#8211; jaune"},"content":{"rendered":"<h3 class=\"titprod\">Hirondelles en C\u00e9ramique Mate Jaune<\/h3>\n<p class=\"p1\">Hirondelles en c\u00e9ramique avec une finition mate jaune, fabriqu\u00e9es \u00e0 la main au Portugal. Apportez une touche artistique et symbolique \u00e0 vos espaces avec ce design exclusif.<\/p>\n<p class=\"p1\">Ces hirondelles sont r\u00e9alis\u00e9es dans un petit atelier du nord du Portugal. Chaque pi\u00e8ce est moul\u00e9e \u00e0 la main et d\u00e9cor\u00e9e avec un engobe c\u00e9ramique mat, un m\u00e9lange liquide d&rsquo;argile, de min\u00e9raux et de pigments qui se fusionne avec la surface lors de la cuisson. Ce processus cr\u00e9e une finition unique, avec des couleurs douces et des textures naturelles.<\/p>\n<div class=\"spacer\"><\/div>\n<p class=\"p1\"><strong>MAT\u00c9RIAU<\/strong> C\u00e9ramique avec engobe c\u00e9ramique mat.<\/p>\n<p class=\"p1\"><strong>DIMENSIONS<\/strong> 9 x 8 cm.<\/p>\n<p class=\"p1\"><strong>CONTENU<\/strong> Ensemble : 3 pi\u00e8ces.<\/p>\n<div class=\"spacer\"><\/div>\n<p class=\"p1\"><em>Ce produit est artisanal ; la couleur et la finition peuvent l\u00e9g\u00e8rement varier par rapport aux pi\u00e8ces sur la photo.<\/em><\/p>\n","protected":false},"excerpt":{"rendered":"<p style=\"text-transform: uppercase;\">Lot\u00a0de trois hirondelles en c\u00e9ramique avec une finition mate jaune.<\/p>\n","protected":false},"featured_media":17643,"template":"","meta":{"_acf_changed":false},"product_brand":[],"product_cat":[3868,3980],"product_tag":[3938,3945],"class_list":{"0":"post-78465","1":"product","2":"type-product","3":"status-publish","4":"has-post-thumbnail","6":"product_cat-objets-decoratifs","7":"product_cat-hirondelles-en-ceramique","8":"product_tag-hirondelles-en-ceramique","9":"product_tag-hirondelles-en-ceramique-mate","10":"product_shipping_class-categoria-1","11":"pa_color-amarillopalido-fr","12":"description-off","14":"first","15":"instock","16":"sale","17":"taxable","18":"shipping-taxable","19":"purchasable","20":"product-type-simple"},"acf":[],"jetpack_sharing_enabled":true,"_links":{"self":[{"href":"https:\/\/casaatlantica.es\/fr\/wp-json\/wp\/v2\/product\/78465","targetHints":{"allow":["GET"]}}],"collection":[{"href":"https:\/\/casaatlantica.es\/fr\/wp-json\/wp\/v2\/product"}],"about":[{"href":"https:\/\/casaatlantica.es\/fr\/wp-json\/wp\/v2\/types\/product"}],"wp:featuredmedia":[{"embeddable":true,"href":"https:\/\/casaatlantica.es\/fr\/wp-json\/wp\/v2\/media\/17643"}],"wp:attachment":[{"href":"https:\/\/casaatlantica.es\/fr\/wp-json\/wp\/v2\/media?parent=78465"}],"wp:term":[{"taxonomy":"product_brand","embeddable":true,"href":"https:\/\/casaatlantica.es\/fr\/wp-json\/wp\/v2\/product_brand?post=78465"},{"taxonomy":"product_cat","embeddable":true,"href":"https:\/\/casaatlantica.es\/fr\/wp-json\/wp\/v2\/product_cat?post=78465"},{"taxonomy":"product_tag","embeddable":true,"href":"https:\/\/casaatlantica.es\/fr\/wp-json\/wp\/v2\/product_tag?post=78465"}],"curies":[{"name":"wp","href":"https:\/\/api.w.org\/{rel}","templated":true}]}}