{"id":78633,"date":"2025-03-05T12:39:15","date_gmt":"2025-03-05T11:39:15","guid":{"rendered":"https:\/\/casaatlantica.es\/?post_type=product&#038;p=78633"},"modified":"2025-05-21T11:31:27","modified_gmt":"2025-05-21T11:31:27","slug":"porte-savon-ceramique-bleu-jaune-lena","status":"publish","type":"product","link":"https:\/\/casaatlantica.es\/fr\/producto\/porte-savon-ceramique-bleu-jaune-lena\/","title":{"rendered":"Lena &#8211; bleu jaune"},"content":{"rendered":"<h3 class=\"titprod\">Porte-Savon Double en C\u00e9ramique Blue et Jaune<\/h3>\n<p class=\"p1\">Porte-savon artisanal en c\u00e9ramique \u00e9maill\u00e9e avec un design peint \u00e0 la main en blue et jaune. Apportez une touche unique et fonctionnelle \u00e0 votre salle de bain.<\/p>\n<p class=\"p1\">Ce porte-savon est compos\u00e9 de deux parties, toutes deux moul\u00e9es et \u00e9maill\u00e9es \u00e0 la main dans des ateliers locaux. Son design permet d\u2019\u00e9vacuer l\u2019exc\u00e8s d\u2019eau, gardant le savon sec et prolongeant sa durabilit\u00e9. Chaque pi\u00e8ce est unique, peinte avec soin dans des combinaisons de couleurs exclusives.<\/p>\n<div class=\"spacer\"><\/div>\n<p class=\"p1\"><strong>MAT\u00c9RIAU<\/strong> C\u00e9ramique blanche \u00e9maill\u00e9e.<\/p>\n<p class=\"p1\"><strong>DIMENSIONS<\/strong> 13 x 10 x 5 cm.<\/p>\n<p class=\"p1\"><strong>CONTENU<\/strong> 1 pi\u00e8ce.<\/p>\n<div class=\"spacer\"><\/div>\n<p class=\"p1\"><em>Ce produit est artisanal ; la couleur et la finition peuvent l\u00e9g\u00e8rement varier par rapport aux pi\u00e8ces sur la photo.<\/em><\/p>\n","protected":false},"excerpt":{"rendered":"<p style=\"text-transform: uppercase;\">Porte-Savon Double en C\u00e9ramique Blue et Jaune<\/p>\n","protected":false},"featured_media":17975,"template":"","meta":{"_acf_changed":false},"product_brand":[],"product_cat":[3982],"product_tag":[3954],"class_list":{"0":"post-78633","1":"product","2":"type-product","3":"status-publish","4":"has-post-thumbnail","6":"product_cat-objets-en-ceramique","7":"product_tag-porte-savon-en-ceramique","8":"product_shipping_class-categoria-1","9":"pa_color-azul_azul_amarillo-fr","10":"description-off","12":"first","13":"instock","14":"sale","15":"taxable","16":"shipping-taxable","17":"purchasable","18":"product-type-simple"},"acf":[],"jetpack_sharing_enabled":true,"_links":{"self":[{"href":"https:\/\/casaatlantica.es\/fr\/wp-json\/wp\/v2\/product\/78633","targetHints":{"allow":["GET"]}}],"collection":[{"href":"https:\/\/casaatlantica.es\/fr\/wp-json\/wp\/v2\/product"}],"about":[{"href":"https:\/\/casaatlantica.es\/fr\/wp-json\/wp\/v2\/types\/product"}],"wp:featuredmedia":[{"embeddable":true,"href":"https:\/\/casaatlantica.es\/fr\/wp-json\/wp\/v2\/media\/17975"}],"wp:attachment":[{"href":"https:\/\/casaatlantica.es\/fr\/wp-json\/wp\/v2\/media?parent=78633"}],"wp:term":[{"taxonomy":"product_brand","embeddable":true,"href":"https:\/\/casaatlantica.es\/fr\/wp-json\/wp\/v2\/product_brand?post=78633"},{"taxonomy":"product_cat","embeddable":true,"href":"https:\/\/casaatlantica.es\/fr\/wp-json\/wp\/v2\/product_cat?post=78633"},{"taxonomy":"product_tag","embeddable":true,"href":"https:\/\/casaatlantica.es\/fr\/wp-json\/wp\/v2\/product_tag?post=78633"}],"curies":[{"name":"wp","href":"https:\/\/api.w.org\/{rel}","templated":true}]}}