{"id":78860,"date":"2025-03-05T15:15:49","date_gmt":"2025-03-05T14:15:49","guid":{"rendered":"https:\/\/casaatlantica.es\/?post_type=product&#038;p=78860"},"modified":"2025-05-21T13:24:36","modified_gmt":"2025-05-21T13:24:36","slug":"tasse-en-ceramique-rayures-jaune-bleu-sefa","status":"publish","type":"product","link":"https:\/\/casaatlantica.es\/fr\/producto\/tasse-en-ceramique-rayures-jaune-bleu-sefa\/","title":{"rendered":"Celsa &#8211; jaune bleu"},"content":{"rendered":"<h3 class=\"titprod\">Tasse en C\u00e9ramique Peinte \u00e0 la Main avec Rayures Jaune-Bleu<\/h3>\n<p class=\"p1\">Chez Casa Atl\u00e2ntica, nous avons toujours soutenu ces m\u00e9tiers artisanaux qui se sont peu \u00e0 peu perdus avec le temps. Ces tasses en c\u00e9ramique peintes \u00e0 la main sont une autre de nos collaborations avec les artisans que nous avons eu la chance de rencontrer au fil des ann\u00e9es. Une c\u00e9ramique d\u00e9corative et fonctionnelle r\u00e9alis\u00e9e dans un atelier familial du nord du Portugal.<\/p>\n<p class=\"p1\">Chaque tasse est moul\u00e9e et peinte \u00e0 la main avec des \u00e9maux c\u00e9ramiques. La peinture se distingue par les traces laiss\u00e9es par le pinceau, avec de merveilleuses imperfections qui rendent cette pi\u00e8ce particuli\u00e8rement sp\u00e9ciale. Elle est cuite \u00e0 haute temp\u00e9rature pour garantir durabilit\u00e9 et r\u00e9sistance. Le r\u00e9sultat est un produit unique et tr\u00e8s robuste, parfait pour un usage quotidien.<\/p>\n<div class=\"spacer\"><\/div>\n<p class=\"p1\"><strong>MAT\u00c9RIEL<\/strong> Gr\u00e8s \u00e9maill\u00e9.<\/p>\n<p class=\"p1\"><strong>DIMENSIONS<\/strong> 11,5 x 8,5 x 9,5 cm.<\/p>\n<p class=\"p1\"><strong>CONTENU<\/strong> 1 tasse<\/p>\n<p class=\"p1\">Compatible avec le lave-vaisselle et le micro-ondes<\/p>\n<div class=\"spacer\"><\/div>\n<p class=\"p1\"><em>Ceci est un produit artisanal ; la couleur et la finition peuvent l\u00e9g\u00e8rement varier par rapport aux pi\u00e8ces pr\u00e9sent\u00e9es sur la photo.<\/em><\/p>\n","protected":false},"excerpt":{"rendered":"<p style=\"text-transform: uppercase\">Tasse en C\u00e9ramique Peinte \u00e0 la Main avec Rayures Jaune-Bleu<\/p>\n","protected":false},"featured_media":56566,"template":"","meta":{"_acf_changed":false},"product_brand":[],"product_cat":[3998],"product_tag":[3884,4236,4248,4254],"class_list":{"0":"post-78860","1":"product","2":"type-product","3":"status-publish","4":"has-post-thumbnail","6":"product_cat-verres-et-tasses-en-ceramique","7":"product_tag-table-et-cuisine","8":"product_tag-tasses-en-ceramique","9":"product_tag-vaisselle","10":"product_tag-verres-et-tasses","11":"product_shipping_class-categoria-1","12":"pa_color-azulamarillo-3-fr","13":"description-off","15":"first","16":"instock","17":"taxable","18":"shipping-taxable","19":"purchasable","20":"product-type-simple"},"acf":[],"jetpack_sharing_enabled":true,"_links":{"self":[{"href":"https:\/\/casaatlantica.es\/fr\/wp-json\/wp\/v2\/product\/78860","targetHints":{"allow":["GET"]}}],"collection":[{"href":"https:\/\/casaatlantica.es\/fr\/wp-json\/wp\/v2\/product"}],"about":[{"href":"https:\/\/casaatlantica.es\/fr\/wp-json\/wp\/v2\/types\/product"}],"wp:featuredmedia":[{"embeddable":true,"href":"https:\/\/casaatlantica.es\/fr\/wp-json\/wp\/v2\/media\/56566"}],"wp:attachment":[{"href":"https:\/\/casaatlantica.es\/fr\/wp-json\/wp\/v2\/media?parent=78860"}],"wp:term":[{"taxonomy":"product_brand","embeddable":true,"href":"https:\/\/casaatlantica.es\/fr\/wp-json\/wp\/v2\/product_brand?post=78860"},{"taxonomy":"product_cat","embeddable":true,"href":"https:\/\/casaatlantica.es\/fr\/wp-json\/wp\/v2\/product_cat?post=78860"},{"taxonomy":"product_tag","embeddable":true,"href":"https:\/\/casaatlantica.es\/fr\/wp-json\/wp\/v2\/product_tag?post=78860"}],"curies":[{"name":"wp","href":"https:\/\/api.w.org\/{rel}","templated":true}]}}