{"id":79068,"date":"2025-03-06T18:16:05","date_gmt":"2025-03-06T17:16:05","guid":{"rendered":"https:\/\/casaatlantica.es\/?post_type=product&#038;p=79068"},"modified":"2025-05-21T13:22:40","modified_gmt":"2025-05-21T13:22:40","slug":"bouteille-argile-emaillee-vert-ancora","status":"publish","type":"product","link":"https:\/\/casaatlantica.es\/fr\/producto\/bouteille-argile-emaillee-vert-ancora\/","title":{"rendered":"\u00c2ncora Bouteille &#8211; vert"},"content":{"rendered":"<h3 class=\"titprod\">Bouteille en Argile \u00c9maill\u00e9e Vert<\/h3>\n<p class=\"p1\">Bouteille artisanale en argile \u00e9maill\u00e9e avec bouchon en li\u00e8ge. Inspir\u00e9e du botijo traditionnel, id\u00e9ale pour garder les liquides frais.<\/p>\n<p class=\"p1\">Chaque bouteille est fa\u00e7onn\u00e9e \u00e0 la main dans des ateliers locaux et cuite \u00e0 haute temp\u00e9rature. L\u2019\u00e9maillage int\u00e9rieur garantit son imperm\u00e9abilit\u00e9, tandis que le bouchon en li\u00e8ge naturel assure une fermeture efficace et esth\u00e9tique.<\/p>\n<div class=\"spacer\"><\/div>\n<p class=\"p1\"><strong>MAT\u00c9RIEL<\/strong> Argile \u00e9maill\u00e9e, li\u00e8ge.<\/p>\n<p class=\"p1\"><strong>DIMENSIONS<\/strong> Bouteille : 10 x 10 x 25 cm.<\/p>\n<p class=\"p1\"><strong>CONTENU<\/strong> 1 bouteille<\/p>\n<div class=\"spacer\"><\/div>\n<p class=\"p1\"><em>Ceci est un produit artisanal ; la couleur et la finition peuvent l\u00e9g\u00e8rement varier par rapport aux pi\u00e8ces pr\u00e9sent\u00e9es sur la photo.<\/em><\/p>\n","protected":false},"excerpt":{"rendered":"<p style=\"text-transform: uppercase\">Bouteille en Argile \u00c9maill\u00e9e Vert<\/p>\n","protected":false},"featured_media":37134,"template":"","meta":{"_acf_changed":false},"product_brand":[],"product_cat":[4004],"product_tag":[4149,4155,3884,4248],"class_list":{"0":"post-79068","1":"product","2":"type-product","3":"status-publish","4":"has-post-thumbnail","6":"product_cat-bouteilles-et-carafes-en-ceramique","7":"product_tag-bouteille-en-argile-emaillee","8":"product_tag-bouteilles-et-carafes","9":"product_tag-table-et-cuisine","10":"product_tag-vaisselle","11":"product_shipping_class-categoria-2-fr","12":"pa_color-verdesulfato-fr","13":"description-off","15":"first","16":"instock","17":"taxable","18":"shipping-taxable","19":"purchasable","20":"product-type-simple"},"acf":[],"jetpack_sharing_enabled":true,"_links":{"self":[{"href":"https:\/\/casaatlantica.es\/fr\/wp-json\/wp\/v2\/product\/79068","targetHints":{"allow":["GET"]}}],"collection":[{"href":"https:\/\/casaatlantica.es\/fr\/wp-json\/wp\/v2\/product"}],"about":[{"href":"https:\/\/casaatlantica.es\/fr\/wp-json\/wp\/v2\/types\/product"}],"wp:featuredmedia":[{"embeddable":true,"href":"https:\/\/casaatlantica.es\/fr\/wp-json\/wp\/v2\/media\/37134"}],"wp:attachment":[{"href":"https:\/\/casaatlantica.es\/fr\/wp-json\/wp\/v2\/media?parent=79068"}],"wp:term":[{"taxonomy":"product_brand","embeddable":true,"href":"https:\/\/casaatlantica.es\/fr\/wp-json\/wp\/v2\/product_brand?post=79068"},{"taxonomy":"product_cat","embeddable":true,"href":"https:\/\/casaatlantica.es\/fr\/wp-json\/wp\/v2\/product_cat?post=79068"},{"taxonomy":"product_tag","embeddable":true,"href":"https:\/\/casaatlantica.es\/fr\/wp-json\/wp\/v2\/product_tag?post=79068"}],"curies":[{"name":"wp","href":"https:\/\/api.w.org\/{rel}","templated":true}]}}