{"id":79194,"date":"2025-03-06T18:47:08","date_gmt":"2025-03-06T17:47:08","guid":{"rendered":"https:\/\/casaatlantica.es\/?post_type=product&#038;p=79194"},"modified":"2025-05-21T13:22:39","modified_gmt":"2025-05-21T13:22:39","slug":"carafe-en-ceramique-rayures-bleu-cora","status":"publish","type":"product","link":"https:\/\/casaatlantica.es\/fr\/producto\/carafe-en-ceramique-rayures-bleu-cora\/","title":{"rendered":"Cora &#8211; bleu"},"content":{"rendered":"<h3 class=\"titprod\">Carafe en C\u00e9ramique Peinte \u00e0 la Main \u00e0 Rayures Bleu<\/h3>\n<p class=\"p1\">Carafe en c\u00e9ramique \u00e9maill\u00e9e peinte \u00e0 la main avec des rayures aux couleurs vibrantes. Parfaite pour la d\u00e9coration ou l&rsquo;utilisation \u00e0 table.<\/p>\n<p class=\"p1\">Chaque carafe est fa\u00e7onn\u00e9e \u00e0 la main en c\u00e9ramique blanche et d\u00e9cor\u00e9e avec des coups de pinceau appliqu\u00e9s \u00e0 la main, suivant un processus enti\u00e8rement artisanal. Elle est cuite \u00e0 haute temp\u00e9rature pour garantir durabilit\u00e9 et r\u00e9sistance.<\/p>\n<div class=\"spacer\"><\/div>\n<p class=\"p1\"><strong>MAT\u00c9RIEL<\/strong> C\u00e9ramique blanche \u00e9maill\u00e9e.<\/p>\n<p class=\"p1\"><strong>DIMENSIONS<\/strong> Carafe : 16 x 11 x 15 cm.<\/p>\n<p class=\"p1\"><strong>CONTENU<\/strong> 1 carafe<\/p>\n<div class=\"spacer\"><\/div>\n<p class=\"p1\"><em>Ceci est un produit artisanal ; la couleur et la finition peuvent l\u00e9g\u00e8rement varier par rapport aux pi\u00e8ces pr\u00e9sent\u00e9es sur la photo.<\/em><\/p>\n","protected":false},"excerpt":{"rendered":"<p style=\"text-transform: uppercase\">Carafe en C\u00e9ramique Peinte \u00e0 la Main \u00e0 Rayures Bleu<\/p>\n","protected":false},"featured_media":38112,"template":"","meta":{"_acf_changed":false},"product_brand":[],"product_cat":[4004],"product_tag":[4155,4191,4193,3884,4248],"class_list":{"0":"post-79194","1":"product","2":"type-product","3":"status-publish","4":"has-post-thumbnail","6":"product_cat-bouteilles-et-carafes-en-ceramique","7":"product_tag-bouteilles-et-carafes","8":"product_tag-carafe-en-ceramique","9":"product_tag-carafe-en-ceramique-emaillee","10":"product_tag-table-et-cuisine","11":"product_tag-vaisselle","12":"product_shipping_class-categoria-2-fr","13":"pa_color-azul-fr","14":"description-off","16":"first","17":"outofstock","18":"taxable","19":"shipping-taxable","20":"purchasable","21":"product-type-simple"},"acf":[],"jetpack_sharing_enabled":true,"_links":{"self":[{"href":"https:\/\/casaatlantica.es\/fr\/wp-json\/wp\/v2\/product\/79194","targetHints":{"allow":["GET"]}}],"collection":[{"href":"https:\/\/casaatlantica.es\/fr\/wp-json\/wp\/v2\/product"}],"about":[{"href":"https:\/\/casaatlantica.es\/fr\/wp-json\/wp\/v2\/types\/product"}],"wp:featuredmedia":[{"embeddable":true,"href":"https:\/\/casaatlantica.es\/fr\/wp-json\/wp\/v2\/media\/38112"}],"wp:attachment":[{"href":"https:\/\/casaatlantica.es\/fr\/wp-json\/wp\/v2\/media?parent=79194"}],"wp:term":[{"taxonomy":"product_brand","embeddable":true,"href":"https:\/\/casaatlantica.es\/fr\/wp-json\/wp\/v2\/product_brand?post=79194"},{"taxonomy":"product_cat","embeddable":true,"href":"https:\/\/casaatlantica.es\/fr\/wp-json\/wp\/v2\/product_cat?post=79194"},{"taxonomy":"product_tag","embeddable":true,"href":"https:\/\/casaatlantica.es\/fr\/wp-json\/wp\/v2\/product_tag?post=79194"}],"curies":[{"name":"wp","href":"https:\/\/api.w.org\/{rel}","templated":true}]}}