{"id":80539,"date":"2025-03-10T10:37:35","date_gmt":"2025-03-10T09:37:35","guid":{"rendered":"https:\/\/casaatlantica.es\/?post_type=product&#038;p=80539"},"modified":"2025-06-25T09:23:00","modified_gmt":"2025-06-25T09:23:00","slug":"set-vaisselle-argile-emaillee-vert-ancora","status":"publish","type":"product","link":"https:\/\/casaatlantica.es\/fr\/producto\/set-vaisselle-argile-emaillee-vert-ancora\/","title":{"rendered":"\u00c2ncora set &#8211; vert"},"content":{"rendered":"<h3 class=\"titprod\">Ensemble de Vaisselle en Argile \u00c9maill\u00e9e Vert<\/h3>\n<p class=\"p1\">Design artisanal inspir\u00e9 des traditions, parfait pour un usage quotidien ou en d\u00e9coration.<\/p>\n<p class=\"p1\">Chaque ensemble comprend une bouteille et deux verres en terre cuite \u00e9maill\u00e9e, fa\u00e7onn\u00e9s \u00e0 la main et cuits \u00e0 haute temp\u00e9rature. L&rsquo;int\u00e9rieur \u00e9maill\u00e9 assure durabilit\u00e9 et une finition \u00e9l\u00e9gante.<\/p>\n<div class=\"spacer\"><\/div>\n<p class=\"p1\"><strong>MAT\u00c9RIAU<\/strong> Argile \u00e9maill\u00e9e.<\/p>\n<p class=\"p1\"><strong>DIMENSIONS<\/strong> Bouteille : 10 x 10 x 25 cm. Verre : 8,5 x 8,5 x 10 cm.<\/p>\n<p class=\"p1\"><strong>CONTENU<\/strong> 1 bouteille et 2 verres<\/p>\n<div class=\"spacer\"><\/div>\n<p class=\"p1\"><em>Ce produit est artisanal ; la couleur et la finition peuvent l\u00e9g\u00e8rement varier par rapport aux pi\u00e8ces de la photo.<\/em><\/p>\n","protected":false},"excerpt":{"rendered":"<p style=\"text-transform: uppercase;\">Ensemble de bouteille et deux verres en argile \u00e9maill\u00e9e vert<\/p>\n","protected":false},"featured_media":65323,"template":"","meta":{"_acf_changed":false},"product_brand":[],"product_cat":[4006],"product_tag":[4149,3884,4248,4252],"class_list":{"0":"post-80539","1":"product","2":"type-product","3":"status-publish","4":"has-post-thumbnail","6":"product_cat-ensemble-de-vaisselle","7":"product_tag-bouteille-en-argile-emaillee","8":"product_tag-table-et-cuisine","9":"product_tag-vaisselle","10":"product_tag-verres-en-argile-emaillee","11":"product_shipping_class-categoria-2-fr","12":"pa_color-verdesulfato-fr","13":"description-off","15":"first","16":"instock","17":"sale","18":"taxable","19":"shipping-taxable","20":"purchasable","21":"product-type-simple"},"acf":[],"jetpack_sharing_enabled":true,"_links":{"self":[{"href":"https:\/\/casaatlantica.es\/fr\/wp-json\/wp\/v2\/product\/80539","targetHints":{"allow":["GET"]}}],"collection":[{"href":"https:\/\/casaatlantica.es\/fr\/wp-json\/wp\/v2\/product"}],"about":[{"href":"https:\/\/casaatlantica.es\/fr\/wp-json\/wp\/v2\/types\/product"}],"wp:featuredmedia":[{"embeddable":true,"href":"https:\/\/casaatlantica.es\/fr\/wp-json\/wp\/v2\/media\/65323"}],"wp:attachment":[{"href":"https:\/\/casaatlantica.es\/fr\/wp-json\/wp\/v2\/media?parent=80539"}],"wp:term":[{"taxonomy":"product_brand","embeddable":true,"href":"https:\/\/casaatlantica.es\/fr\/wp-json\/wp\/v2\/product_brand?post=80539"},{"taxonomy":"product_cat","embeddable":true,"href":"https:\/\/casaatlantica.es\/fr\/wp-json\/wp\/v2\/product_cat?post=80539"},{"taxonomy":"product_tag","embeddable":true,"href":"https:\/\/casaatlantica.es\/fr\/wp-json\/wp\/v2\/product_tag?post=80539"}],"curies":[{"name":"wp","href":"https:\/\/api.w.org\/{rel}","templated":true}]}}