{"id":84882,"date":"2025-03-12T14:07:59","date_gmt":"2025-03-12T13:07:59","guid":{"rendered":"https:\/\/casaatlantica.es\/?post_type=product&#038;p=84882"},"modified":"2026-02-11T17:56:04","modified_gmt":"2026-02-11T16:56:04","slug":"plafonnier-en-argile-emaillee-terracota-ema","status":"publish","type":"product","link":"https:\/\/casaatlantica.es\/fr\/producto\/plafonnier-en-argile-emaillee-terracota-ema\/","title":{"rendered":"Ema &#8211; terracota"},"content":{"rendered":"<h3 class=\"titprod\">Plafonnier en Argile \u00c9maill\u00e9e Terracota<\/h3>\n<p class=\"p1\">Une mat\u00e9rialit\u00e9 unique, une simplicit\u00e9 dans la forme et la singularit\u00e9 des pi\u00e8ces faites \u00e0 la main se r\u00e9unissent dans cette lampe suspendue. Son design rappelle subtilement une pi\u00e8ce d&rsquo;aspect industriel. Une autre particularit\u00e9 est qu&rsquo;elle est fabriqu\u00e9e en argile r\u00e9fractaire, avec des \u00e9clats de mica qui donnent \u00e0 l&rsquo;objet une texture singuli\u00e8re et attrayante.<\/p>\n<p class=\"p1\">Cette lampe est enti\u00e8rement fabriqu\u00e9e de mani\u00e8re artisanale dans un atelier sp\u00e9cialis\u00e9, en utilisant des techniques traditionnelles de tour de potier. La terre cuite est soigneusement fa\u00e7onn\u00e9e \u00e0 la main et cuite \u00e0 haute temp\u00e9rature pour garantir une finition solide et durable. Cette pi\u00e8ce unique est le fruit d&rsquo;une collaboration avec Jo\u00e3o Louren\u00e7o.<\/p>\n<div class=\"spacer\"><\/div>\n<p class=\"p1\"><strong>MAT\u00c9RIAU<\/strong> Argile \u00e9maill\u00e9e. C\u00e2ble \u00e9lectrique de 1,2 m de long. Finition en cuir.<\/p>\n<p class=\"p1\"><strong>DIMENSIONS<\/strong> Lampe : 16 x 16 x 20 cm.<\/p>\n<p class=\"p1\"><strong>CONTENU<\/strong> 1 lampe<\/p>\n<div class=\"spacer\"><\/div>\n<p class=\"p1\"><em>Ce produit est artisanal ; la couleur et la finition peuvent varier.<\/em><\/p>\n","protected":false},"excerpt":{"rendered":"<p style=\"text-transform: uppercase\">Plafonnier en Argile \u00c9maill\u00e9e Terracota<\/p>\n","protected":false},"featured_media":17720,"template":"","meta":{"_acf_changed":false},"product_brand":[],"product_cat":[3877,4018,3900],"product_tag":[4308,4310,4312,4316],"class_list":{"0":"post-84882","1":"product","2":"type-product","3":"status-publish","4":"has-post-thumbnail","6":"product_cat-lampes","7":"product_cat-plafonniers-en-ceramique","8":"product_cat-produits-phares","9":"product_tag-plafonnier","10":"product_tag-plafonnier-en-argile","11":"product_tag-plafonnier-en-argile-emaillee","12":"product_tag-plafonnier-en-argile-emaillee-terracotta","13":"product_shipping_class-categoria-0-fr","14":"pa_color-esmaltetransparente-fr","15":"description-off","17":"first","18":"instock","19":"taxable","20":"shipping-taxable","21":"purchasable","22":"product-type-simple"},"acf":[],"jetpack_sharing_enabled":true,"_links":{"self":[{"href":"https:\/\/casaatlantica.es\/fr\/wp-json\/wp\/v2\/product\/84882","targetHints":{"allow":["GET"]}}],"collection":[{"href":"https:\/\/casaatlantica.es\/fr\/wp-json\/wp\/v2\/product"}],"about":[{"href":"https:\/\/casaatlantica.es\/fr\/wp-json\/wp\/v2\/types\/product"}],"wp:featuredmedia":[{"embeddable":true,"href":"https:\/\/casaatlantica.es\/fr\/wp-json\/wp\/v2\/media\/17720"}],"wp:attachment":[{"href":"https:\/\/casaatlantica.es\/fr\/wp-json\/wp\/v2\/media?parent=84882"}],"wp:term":[{"taxonomy":"product_brand","embeddable":true,"href":"https:\/\/casaatlantica.es\/fr\/wp-json\/wp\/v2\/product_brand?post=84882"},{"taxonomy":"product_cat","embeddable":true,"href":"https:\/\/casaatlantica.es\/fr\/wp-json\/wp\/v2\/product_cat?post=84882"},{"taxonomy":"product_tag","embeddable":true,"href":"https:\/\/casaatlantica.es\/fr\/wp-json\/wp\/v2\/product_tag?post=84882"}],"curies":[{"name":"wp","href":"https:\/\/api.w.org\/{rel}","templated":true}]}}