{"id":85622,"date":"2025-03-12T15:08:03","date_gmt":"2025-03-12T14:08:03","guid":{"rendered":"https:\/\/casaatlantica.es\/?post_type=product&#038;p=85622"},"modified":"2025-05-21T13:16:43","modified_gmt":"2025-05-21T13:16:43","slug":"lampe-table-en-argile-emaillee-vert-dalia","status":"publish","type":"product","link":"https:\/\/casaatlantica.es\/fr\/producto\/lampe-table-en-argile-emaillee-vert-dalia\/","title":{"rendered":"Dalia &#8211; vert olive"},"content":{"rendered":"<h3 class=\"titprod\">Lampe de Table en Argile \u00c9maill\u00e9e Vert Olive<\/h3>\n<p class=\"p1\">Lampe de table en argile \u00e9maill\u00e9e avec un design artisanal. Id\u00e9ale pour d\u00e9corer et \u00e9clairer vos espaces avec style et chaleur.<\/p>\n<p class=\"p1\">Cette lampe est fabriqu\u00e9e de mani\u00e8re artisanale sur un tour de potier, en utilisant de l&rsquo;argile r\u00e9fractaire avec des \u00e9clats de mica qui lui conf\u00e8rent une texture unique.<\/p>\n<div class=\"spacer\"><\/div>\n<p class=\"p1\"><strong>MAT\u00c9RIAU<\/strong> Argile \u00e9maill\u00e9e. C\u00e2ble \u00e9lectrique de 1,5 m de long.<\/p>\n<p class=\"p1\"><strong>DIMENSIONS<\/strong> Lampe : 17 x 17 x 23 cm.<\/p>\n<p class=\"p1\"><strong>CONTENU<\/strong> 1 lampe<\/p>\n<div class=\"spacer\"><\/div>\n<p class=\"p1\"><em>Ce produit est artisanal ; la couleur et la finition peuvent varier.<\/em><\/p>\n","protected":false},"excerpt":{"rendered":"<p style=\"text-transform: uppercase\">Lampe de Table en Argile \u00c9maill\u00e9e Vert Olive<\/p>\n","protected":false},"featured_media":55281,"template":"","meta":{"_acf_changed":false},"product_brand":[],"product_cat":[3877,4012,3900],"product_tag":[4278,4300,4304,4306],"class_list":{"0":"post-85622","1":"product","2":"type-product","3":"status-publish","4":"has-post-thumbnail","6":"product_cat-lampes","7":"product_cat-lampes-de-table-en-ceramique","8":"product_cat-produits-phares","9":"product_tag-lampe-artisanale","10":"product_tag-lampe-de-table","11":"product_tag-lampe-de-table-en-argile","12":"product_tag-lampe-de-table-en-argile-emaillee","13":"product_shipping_class-categoria-0-fr","14":"pa_color-verdeoliva-fr","15":"description-off","17":"first","18":"instock","19":"sale","20":"taxable","21":"shipping-taxable","22":"purchasable","23":"product-type-simple"},"acf":[],"jetpack_sharing_enabled":true,"_links":{"self":[{"href":"https:\/\/casaatlantica.es\/fr\/wp-json\/wp\/v2\/product\/85622","targetHints":{"allow":["GET"]}}],"collection":[{"href":"https:\/\/casaatlantica.es\/fr\/wp-json\/wp\/v2\/product"}],"about":[{"href":"https:\/\/casaatlantica.es\/fr\/wp-json\/wp\/v2\/types\/product"}],"wp:featuredmedia":[{"embeddable":true,"href":"https:\/\/casaatlantica.es\/fr\/wp-json\/wp\/v2\/media\/55281"}],"wp:attachment":[{"href":"https:\/\/casaatlantica.es\/fr\/wp-json\/wp\/v2\/media?parent=85622"}],"wp:term":[{"taxonomy":"product_brand","embeddable":true,"href":"https:\/\/casaatlantica.es\/fr\/wp-json\/wp\/v2\/product_brand?post=85622"},{"taxonomy":"product_cat","embeddable":true,"href":"https:\/\/casaatlantica.es\/fr\/wp-json\/wp\/v2\/product_cat?post=85622"},{"taxonomy":"product_tag","embeddable":true,"href":"https:\/\/casaatlantica.es\/fr\/wp-json\/wp\/v2\/product_tag?post=85622"}],"curies":[{"name":"wp","href":"https:\/\/api.w.org\/{rel}","templated":true}]}}