{"id":85631,"date":"2025-03-12T15:16:03","date_gmt":"2025-03-12T14:16:03","guid":{"rendered":"https:\/\/casaatlantica.es\/?post_type=product&#038;p=85631"},"modified":"2025-05-21T13:16:41","modified_gmt":"2025-05-21T13:16:41","slug":"lampe-table-en-argile-emaillee-terracota-dalia","status":"publish","type":"product","link":"https:\/\/casaatlantica.es\/fr\/producto\/lampe-table-en-argile-emaillee-terracota-dalia\/","title":{"rendered":"Dalia &#8211; terracota"},"content":{"rendered":"<h3 class=\"titprod\">Lampe de Table en Argile \u00c9maill\u00e9e Terracota<\/h3>\n<p class=\"p1\">Lampe de table en argile \u00e9maill\u00e9e avec un design artisanal. Id\u00e9ale pour d\u00e9corer et \u00e9clairer vos espaces avec style et chaleur.<\/p>\n<p class=\"p1\">Cette lampe est fabriqu\u00e9e de mani\u00e8re artisanale sur un tour de potier, en utilisant de l&rsquo;argile r\u00e9fractaire avec des \u00e9clats de mica qui lui conf\u00e8rent une texture unique.<\/p>\n<div class=\"spacer\"><\/div>\n<p class=\"p1\"><strong>MAT\u00c9RIAU<\/strong> Argile \u00e9maill\u00e9e. C\u00e2ble \u00e9lectrique de 1,5 m de long.<\/p>\n<p class=\"p1\"><strong>DIMENSIONS<\/strong> Lampe : 17 x 17 x 23 cm.<\/p>\n<p class=\"p1\"><strong>CONTENU<\/strong> 1 lampe<\/p>\n<div class=\"spacer\"><\/div>\n<p class=\"p1\"><em>Ce produit est artisanal ; la couleur et la finition peuvent varier.<\/em><\/p>\n","protected":false},"excerpt":{"rendered":"<p style=\"text-transform: uppercase\">Lampe de Table en Argile \u00c9maill\u00e9e Terracota<\/p>\n","protected":false},"featured_media":64657,"template":"","meta":{"_acf_changed":false},"product_brand":[],"product_cat":[3877,4012],"product_tag":[4300,4302,4304,4306],"class_list":{"0":"post-85631","1":"product","2":"type-product","3":"status-publish","4":"has-post-thumbnail","6":"product_cat-lampes","7":"product_cat-lampes-de-table-en-ceramique","8":"product_tag-lampe-de-table","9":"product_tag-lampe-de-table-artisanale","10":"product_tag-lampe-de-table-en-argile","11":"product_tag-lampe-de-table-en-argile-emaillee","12":"product_shipping_class-categoria-0-fr","13":"pa_color-esmaltetransparente-fr","14":"description-off","16":"first","17":"outofstock","18":"taxable","19":"shipping-taxable","20":"purchasable","21":"product-type-simple"},"acf":[],"jetpack_sharing_enabled":true,"_links":{"self":[{"href":"https:\/\/casaatlantica.es\/fr\/wp-json\/wp\/v2\/product\/85631","targetHints":{"allow":["GET"]}}],"collection":[{"href":"https:\/\/casaatlantica.es\/fr\/wp-json\/wp\/v2\/product"}],"about":[{"href":"https:\/\/casaatlantica.es\/fr\/wp-json\/wp\/v2\/types\/product"}],"wp:featuredmedia":[{"embeddable":true,"href":"https:\/\/casaatlantica.es\/fr\/wp-json\/wp\/v2\/media\/64657"}],"wp:attachment":[{"href":"https:\/\/casaatlantica.es\/fr\/wp-json\/wp\/v2\/media?parent=85631"}],"wp:term":[{"taxonomy":"product_brand","embeddable":true,"href":"https:\/\/casaatlantica.es\/fr\/wp-json\/wp\/v2\/product_brand?post=85631"},{"taxonomy":"product_cat","embeddable":true,"href":"https:\/\/casaatlantica.es\/fr\/wp-json\/wp\/v2\/product_cat?post=85631"},{"taxonomy":"product_tag","embeddable":true,"href":"https:\/\/casaatlantica.es\/fr\/wp-json\/wp\/v2\/product_tag?post=85631"}],"curies":[{"name":"wp","href":"https:\/\/api.w.org\/{rel}","templated":true}]}}