{"id":86313,"date":"2025-03-13T12:34:04","date_gmt":"2025-03-13T11:34:04","guid":{"rendered":"https:\/\/casaatlantica.es\/?post_type=product&#038;p=86313"},"modified":"2025-03-18T16:46:39","modified_gmt":"2025-03-18T16:46:39","slug":"bougeoirs-en-argile-emaillee-terracota-nuno","status":"publish","type":"product","link":"https:\/\/casaatlantica.es\/fr\/producto\/bougeoirs-en-argile-emaillee-terracota-nuno\/","title":{"rendered":"Nuno &#8211; terracota"},"content":{"rendered":"<h3 class=\"titprod\">Bougeoir de Table en Argile \u00c9maill\u00e9e Terracota<\/h3>\n<p class=\"p1\">Bougeoir de table en argile \u00e9maill\u00e9e fabriqu\u00e9 \u00e0 la main. Design minimaliste et artisanal, id\u00e9al pour d\u00e9corer et cr\u00e9er des ambiances chaleureuses.<\/p>\n<p class=\"p1\">Ces bougeoirs sont fabriqu\u00e9s de mani\u00e8re artisanale au tour de potier avec de l&rsquo;argile rouge. Chaque pi\u00e8ce passe par plusieurs \u00e9tapes de production pour garantir sa solidit\u00e9 et sa finition unique.<\/p>\n<div class=\"spacer\"><\/div>\n<p class=\"p1\"><strong>MAT\u00c9RIAU<\/strong> Argile \u00e9maill\u00e9e.<\/p>\n<p class=\"p1\"><strong>DIMENSIONS<\/strong> Bougeoir : 10 x 10 x 6 cm.<\/p>\n<p class=\"p1\"><strong>CONTENU<\/strong> 1 bougeoir<\/p>\n<div class=\"spacer\"><\/div>\n<p class=\"p1\"><em>Ce produit est artisanal ; la couleur et la finition peuvent varier.<\/em><\/p>\n","protected":false},"excerpt":{"rendered":"<p style=\"text-transform: uppercase\">Bougeoir de Table en Argile \u00c9maill\u00e9e Terracota<\/p>\n","protected":false},"featured_media":17689,"template":"","meta":{"_acf_changed":false},"product_brand":[],"product_cat":[3877,4016],"product_tag":[4328,4332,4334],"class_list":{"0":"post-86313","1":"product","2":"type-product","3":"status-publish","4":"has-post-thumbnail","6":"product_cat-lampes","7":"product_cat-bougeoir-en-ceramique","8":"product_tag-bougeoir-artisanal","9":"product_tag-bougeoir-en-argile","10":"product_tag-bougeoir-en-argile-emaillee","11":"product_shipping_class-categoria-1","12":"pa_color-esmaltetransparente-fr","13":"description-off","15":"first","16":"instock","17":"taxable","18":"shipping-taxable","19":"purchasable","20":"product-type-simple"},"acf":[],"jetpack_sharing_enabled":true,"_links":{"self":[{"href":"https:\/\/casaatlantica.es\/fr\/wp-json\/wp\/v2\/product\/86313","targetHints":{"allow":["GET"]}}],"collection":[{"href":"https:\/\/casaatlantica.es\/fr\/wp-json\/wp\/v2\/product"}],"about":[{"href":"https:\/\/casaatlantica.es\/fr\/wp-json\/wp\/v2\/types\/product"}],"wp:featuredmedia":[{"embeddable":true,"href":"https:\/\/casaatlantica.es\/fr\/wp-json\/wp\/v2\/media\/17689"}],"wp:attachment":[{"href":"https:\/\/casaatlantica.es\/fr\/wp-json\/wp\/v2\/media?parent=86313"}],"wp:term":[{"taxonomy":"product_brand","embeddable":true,"href":"https:\/\/casaatlantica.es\/fr\/wp-json\/wp\/v2\/product_brand?post=86313"},{"taxonomy":"product_cat","embeddable":true,"href":"https:\/\/casaatlantica.es\/fr\/wp-json\/wp\/v2\/product_cat?post=86313"},{"taxonomy":"product_tag","embeddable":true,"href":"https:\/\/casaatlantica.es\/fr\/wp-json\/wp\/v2\/product_tag?post=86313"}],"curies":[{"name":"wp","href":"https:\/\/api.w.org\/{rel}","templated":true}]}}