{"id":87445,"date":"2025-03-13T14:46:50","date_gmt":"2025-03-13T13:46:50","guid":{"rendered":"https:\/\/casaatlantica.es\/?post_type=product&#038;p=87445"},"modified":"2025-05-21T13:25:31","modified_gmt":"2025-05-21T13:25:31","slug":"tapis-artisanal-losanges-noire-casimira","status":"publish","type":"product","link":"https:\/\/casaatlantica.es\/fr\/producto\/tapis-artisanal-losanges-noire-casimira\/","title":{"rendered":"Casimira &#8211; noire"},"content":{"rendered":"<h3 class=\"titprod\">Tapis Artisanal avec Motifs losanges en Relief Noire<\/h3>\n<p class=\"p1\">Tapis artisanal \u00e0 rayures avec d\u00e9tails en relief. Fabriqu\u00e9 \u00e0 la main sur un m\u00e9tier manuel avec du coton recycl\u00e9. Doux, lavable et durable.<\/p>\n<p class=\"p1\">Confectionn\u00e9 dans des ateliers traditionnels du nord du Portugal, ce tapis allie techniques artisanales et mat\u00e9riaux durables. Le fil de coton r\u00e9cup\u00e9r\u00e9 des exc\u00e9dents de l&rsquo;industrie textile est tiss\u00e9 sur des m\u00e9tiers \u00e0 tisser manuels. Son design comprend des rayures \u00e9troites de couleurs vari\u00e9es et des d\u00e9tails en relief avec des motifs de losanges et de fleurs, offrant un style unique et traditionnel.<\/p>\n<div class=\"spacer\"><\/div>\n<p class=\"p1\"><strong>MAT\u00c9RIAU<\/strong> 100% coton. Fabriqu\u00e9 avec des restes de l&rsquo;industrie textile.<\/p>\n<p class=\"p1\"><strong>DIMENSIONS<\/strong> Tapis : 100 x 70 cm.<\/p>\n<p class=\"p1\"><strong>CONTENU<\/strong> 1 tapis.<\/p>\n<div class=\"spacer\"><\/div>\n<p class=\"p1\"><em>Ce produit est artisanal ; la couleur et la finition peuvent l\u00e9g\u00e8rement varier par rapport aux pi\u00e8ces pr\u00e9sent\u00e9es sur la photo.<\/em><\/p>\n","protected":false},"excerpt":{"rendered":"<p style=\"text-transform: uppercase\">Tapis Artisanal avec Motifs losanges en Relief Noire<\/p>\n","protected":false},"featured_media":17960,"template":"","meta":{"_acf_changed":false},"product_brand":[],"product_cat":[4021],"product_tag":[4131,4133,4244],"class_list":{"0":"post-87445","1":"product","2":"type-product","3":"status-publish","4":"has-post-thumbnail","6":"product_cat-textiles-artisanaux","7":"product_tag-tapis-artisanal","8":"product_tag-tapis-en-coton","9":"product_tag-textiles-fr","10":"product_shipping_class-categoria-1","11":"pa_color-negro-fr","12":"pa_material-algodon","13":"description-off","15":"first","16":"instock","17":"sale","18":"taxable","19":"shipping-taxable","20":"purchasable","21":"product-type-simple"},"acf":[],"jetpack_sharing_enabled":true,"_links":{"self":[{"href":"https:\/\/casaatlantica.es\/fr\/wp-json\/wp\/v2\/product\/87445","targetHints":{"allow":["GET"]}}],"collection":[{"href":"https:\/\/casaatlantica.es\/fr\/wp-json\/wp\/v2\/product"}],"about":[{"href":"https:\/\/casaatlantica.es\/fr\/wp-json\/wp\/v2\/types\/product"}],"wp:featuredmedia":[{"embeddable":true,"href":"https:\/\/casaatlantica.es\/fr\/wp-json\/wp\/v2\/media\/17960"}],"wp:attachment":[{"href":"https:\/\/casaatlantica.es\/fr\/wp-json\/wp\/v2\/media?parent=87445"}],"wp:term":[{"taxonomy":"product_brand","embeddable":true,"href":"https:\/\/casaatlantica.es\/fr\/wp-json\/wp\/v2\/product_brand?post=87445"},{"taxonomy":"product_cat","embeddable":true,"href":"https:\/\/casaatlantica.es\/fr\/wp-json\/wp\/v2\/product_cat?post=87445"},{"taxonomy":"product_tag","embeddable":true,"href":"https:\/\/casaatlantica.es\/fr\/wp-json\/wp\/v2\/product_tag?post=87445"}],"curies":[{"name":"wp","href":"https:\/\/api.w.org\/{rel}","templated":true}]}}