{"id":87608,"date":"2025-03-13T16:11:19","date_gmt":"2025-03-13T15:11:19","guid":{"rendered":"https:\/\/casaatlantica.es\/?post_type=product&#038;p=87608"},"modified":"2025-05-21T13:19:51","modified_gmt":"2025-05-21T13:19:51","slug":"recettes-traditionnelles-espagnoles-affiche-sangria","status":"publish","type":"product","link":"https:\/\/casaatlantica.es\/fr\/producto\/recettes-traditionnelles-espagnoles-affiche-sangria\/","title":{"rendered":"Affiches de Recettes &#8211; sangria"},"content":{"rendered":"<h3 class=\"titprod\">Affiches de Recettes Traditionnelles Espagnoles &#8211; Sangria<\/h3>\n<p class=\"p1\">Affiches de recettes traditionnelles espagnoles avec des illustrations vintage. Un hommage d\u00e9coratif aux plats les plus embl\u00e9matiques de la gastronomie espagnole au format A4.<\/p>\n<p class=\"p1\">Notre collection d&rsquo;affiches combine l&rsquo;art et la tradition culinaire, capturant l&rsquo;essence de la cuisine espagnole avec des illustrations vintage de plats iconiques tels que la paella, la tortilla de patatas, le pescaito frito, la sangria, le poulpe, le gazpacho, la cr\u00e8me catalane, le pain \u00e0 la tomate et l&rsquo;esqueixada. Imprim\u00e9es sur du papier recycl\u00e9 avec des techniques de haute qualit\u00e9, ces affiches sont id\u00e9ales pour d\u00e9corer les cuisines, les salons ou tout coin sp\u00e9cial de votre maison.<\/p>\n<div class=\"spacer\"><\/div>\n<p class=\"p1\"><strong>MAT\u00c9RIAU<\/strong> Impression offset sur papier recycl\u00e9 \u00e0 30%.<\/p>\n<p class=\"p1\"><strong>DIMENSIONS<\/strong> Affiche : 21 x 29 cm.<\/p>\n<p class=\"p1\"><strong>CONTENU<\/strong> 1 affiche.<\/p>\n<div class=\"spacer\"><\/div>\n","protected":false},"excerpt":{"rendered":"<p style=\"text-transform: uppercase\">Affiches de Recettes Traditionnelles Espagnoles &#8211; Sangria<\/p>\n","protected":false},"featured_media":174,"template":"","meta":{"_acf_changed":false},"product_brand":[],"product_cat":[4033],"product_tag":[4232,4230,4189],"class_list":{"0":"post-87608","1":"product","2":"type-product","3":"status-publish","4":"has-post-thumbnail","6":"product_cat-affiches-et-illustrations","7":"product_tag-affiches","8":"product_tag-cartes-postales-et-impressions","9":"product_tag-illustrations-fr","10":"product_shipping_class-categoria-1","11":"pa_dibujo-sangria","12":"description-off","14":"first","15":"instock","16":"taxable","17":"shipping-taxable","18":"purchasable","19":"product-type-simple"},"acf":[],"jetpack_sharing_enabled":true,"_links":{"self":[{"href":"https:\/\/casaatlantica.es\/fr\/wp-json\/wp\/v2\/product\/87608","targetHints":{"allow":["GET"]}}],"collection":[{"href":"https:\/\/casaatlantica.es\/fr\/wp-json\/wp\/v2\/product"}],"about":[{"href":"https:\/\/casaatlantica.es\/fr\/wp-json\/wp\/v2\/types\/product"}],"wp:featuredmedia":[{"embeddable":true,"href":"https:\/\/casaatlantica.es\/fr\/wp-json\/wp\/v2\/media\/174"}],"wp:attachment":[{"href":"https:\/\/casaatlantica.es\/fr\/wp-json\/wp\/v2\/media?parent=87608"}],"wp:term":[{"taxonomy":"product_brand","embeddable":true,"href":"https:\/\/casaatlantica.es\/fr\/wp-json\/wp\/v2\/product_brand?post=87608"},{"taxonomy":"product_cat","embeddable":true,"href":"https:\/\/casaatlantica.es\/fr\/wp-json\/wp\/v2\/product_cat?post=87608"},{"taxonomy":"product_tag","embeddable":true,"href":"https:\/\/casaatlantica.es\/fr\/wp-json\/wp\/v2\/product_tag?post=87608"}],"curies":[{"name":"wp","href":"https:\/\/api.w.org\/{rel}","templated":true}]}}