{"id":91540,"date":"2025-03-14T11:41:00","date_gmt":"2025-03-14T11:41:00","guid":{"rendered":"https:\/\/casaatlantica.es\/?post_type=product&#038;p=91540"},"modified":"2025-05-21T13:19:26","modified_gmt":"2025-05-21T13:19:26","slug":"recettes-traditionnelles-espagnoles-illustration-gazpacho","status":"publish","type":"product","link":"https:\/\/casaatlantica.es\/fr\/producto\/recettes-traditionnelles-espagnoles-illustration-gazpacho\/","title":{"rendered":"Illustration &#8211; gazpacho"},"content":{"rendered":"<h3 class=\"titprod\">Cartes Postales Illustrations de Recettes Traditionnelles Espagnoles, Illustration gazpacho<\/h3>\n<p class=\"p1\">Cartes postales illustr\u00e9es avec des recettes traditionnelles espagnoles au style vintage. Parfaites pour d\u00e9corer ou offrir, elles c\u00e9l\u00e8brent les saveurs et recettes les plus embl\u00e9matiques de la cuisine espagnole. Sur le recto se trouve l&rsquo;illustration de la recette et au verso, la recette avec un espace pour \u00e9crire.<\/p>\n<p class=\"p1\">Notre collection de cartes postales capture l&rsquo;essence de la gastronomie espagnole \u00e0 travers des illustrations vintage de plats embl\u00e9matiques tels que la paella, la tortilla de patatas, le pescaito frito, la sangria, le poulpe, le gazpacho, la cr\u00e8me catalane, le pain \u00e0 la tomate et l&rsquo;esqueixada. Chaque carte postale est imprim\u00e9e avec des techniques d&rsquo;impression offset sur du papier recycl\u00e9, garantissant qualit\u00e9 et durabilit\u00e9. Id\u00e9ales pour collectionner, encadrer ou partager.<\/p>\n<div class=\"spacer\"><\/div>\n<p class=\"p1\"><strong>MAT\u00c9RIAU<\/strong> Impression offset sur papier recycl\u00e9 \u00e0 30%.<\/p>\n<p class=\"p1\"><strong>DIMENSIONS<\/strong> Carte postale : 16,5 x 12 cm.<\/p>\n<p class=\"p1\"><strong>CONTENU<\/strong> 1 Carte postale<\/p>\n<div class=\"spacer\"><\/div>\n","protected":false},"excerpt":{"rendered":"<p style=\"text-transform: uppercase\">Cartes Postales avec Illustrations de Recettes Traditionnelles Espagnoles, Illustration gazpacho<\/p>\n","protected":false},"featured_media":434,"template":"","meta":{"_acf_changed":false},"product_brand":[],"product_cat":[4033],"product_tag":[4232,4230,4189],"class_list":{"0":"post-91540","1":"product","2":"type-product","3":"status-publish","4":"has-post-thumbnail","6":"product_cat-affiches-et-illustrations","7":"product_tag-affiches","8":"product_tag-cartes-postales-et-impressions","9":"product_tag-illustrations-fr","10":"product_shipping_class-categoria-1","11":"pa_dibujo-gazpacho","12":"description-off","14":"first","15":"instock","16":"taxable","17":"shipping-taxable","18":"purchasable","19":"product-type-simple"},"acf":[],"jetpack_sharing_enabled":true,"_links":{"self":[{"href":"https:\/\/casaatlantica.es\/fr\/wp-json\/wp\/v2\/product\/91540","targetHints":{"allow":["GET"]}}],"collection":[{"href":"https:\/\/casaatlantica.es\/fr\/wp-json\/wp\/v2\/product"}],"about":[{"href":"https:\/\/casaatlantica.es\/fr\/wp-json\/wp\/v2\/types\/product"}],"wp:featuredmedia":[{"embeddable":true,"href":"https:\/\/casaatlantica.es\/fr\/wp-json\/wp\/v2\/media\/434"}],"wp:attachment":[{"href":"https:\/\/casaatlantica.es\/fr\/wp-json\/wp\/v2\/media?parent=91540"}],"wp:term":[{"taxonomy":"product_brand","embeddable":true,"href":"https:\/\/casaatlantica.es\/fr\/wp-json\/wp\/v2\/product_brand?post=91540"},{"taxonomy":"product_cat","embeddable":true,"href":"https:\/\/casaatlantica.es\/fr\/wp-json\/wp\/v2\/product_cat?post=91540"},{"taxonomy":"product_tag","embeddable":true,"href":"https:\/\/casaatlantica.es\/fr\/wp-json\/wp\/v2\/product_tag?post=91540"}],"curies":[{"name":"wp","href":"https:\/\/api.w.org\/{rel}","templated":true}]}}